{"id":75,"date":"2012-12-19T09:57:32","date_gmt":"2012-12-19T08:57:32","guid":{"rendered":"http:\/\/www.sjanocpi.fr\/burkina\/?page_id=75"},"modified":"2012-12-19T10:11:10","modified_gmt":"2012-12-19T09:11:10","slug":"baobab-et-autres-images","status":"publish","type":"page","link":"https:\/\/www.sjanocpi.fr\/burkina\/?page_id=75","title":{"rendered":"Baobab et autres images"},"content":{"rendered":"<p>Le fruit du Baobab aussi appel\u00e9 pain de singe est une sucrerie locale appr\u00e9ci\u00e9e.<\/p>\n<div id=\"attachment_76\" style=\"width: 594px\" class=\"wp-caption alignnone\"><a href=\"https:\/\/www.sjanocpi.fr\/burkina\/wp-content\/uploads\/2012\/12\/IMG_0139.jpg\"><img aria-describedby=\"caption-attachment-76\" decoding=\"async\" loading=\"lazy\" class=\"size-large wp-image-76\" title=\"Le baobab et ses fruits\" src=\"https:\/\/www.sjanocpi.fr\/burkina\/wp-content\/uploads\/2012\/12\/IMG_0139-1024x768.jpg\" alt=\"Le baobab et ses fruits\" width=\"584\" height=\"438\" srcset=\"https:\/\/www.sjanocpi.fr\/burkina\/wp-content\/uploads\/2012\/12\/IMG_0139-1024x768.jpg 1024w, https:\/\/www.sjanocpi.fr\/burkina\/wp-content\/uploads\/2012\/12\/IMG_0139-300x225.jpg 300w, https:\/\/www.sjanocpi.fr\/burkina\/wp-content\/uploads\/2012\/12\/IMG_0139-400x300.jpg 400w, https:\/\/www.sjanocpi.fr\/burkina\/wp-content\/uploads\/2012\/12\/IMG_0139.jpg 1632w\" sizes=\"(max-width: 584px) 100vw, 584px\" \/><\/a><p id=\"caption-attachment-76\" class=\"wp-caption-text\">Le baobab et ses fruits<\/p><\/div>\n<div id=\"attachment_77\" style=\"width: 594px\" class=\"wp-caption alignnone\"><a href=\"https:\/\/www.sjanocpi.fr\/burkina\/wp-content\/uploads\/2012\/12\/IMG_0194.jpg\"><img aria-describedby=\"caption-attachment-77\" decoding=\"async\" loading=\"lazy\" class=\"size-large wp-image-77\" title=\"Le fruit du baobab encore ferm\u00e9\" src=\"https:\/\/www.sjanocpi.fr\/burkina\/wp-content\/uploads\/2012\/12\/IMG_0194-1024x768.jpg\" alt=\"Le fruit du baobab encore ferm\u00e9\" width=\"584\" height=\"438\" srcset=\"https:\/\/www.sjanocpi.fr\/burkina\/wp-content\/uploads\/2012\/12\/IMG_0194-1024x768.jpg 1024w, https:\/\/www.sjanocpi.fr\/burkina\/wp-content\/uploads\/2012\/12\/IMG_0194-300x225.jpg 300w, https:\/\/www.sjanocpi.fr\/burkina\/wp-content\/uploads\/2012\/12\/IMG_0194-400x300.jpg 400w, https:\/\/www.sjanocpi.fr\/burkina\/wp-content\/uploads\/2012\/12\/IMG_0194.jpg 1632w\" sizes=\"(max-width: 584px) 100vw, 584px\" \/><\/a><p id=\"caption-attachment-77\" class=\"wp-caption-text\">Le fruit du baobab encore ferm\u00e9<\/p><\/div>\n<div id=\"attachment_78\" style=\"width: 594px\" class=\"wp-caption alignnone\"><a href=\"https:\/\/www.sjanocpi.fr\/burkina\/wp-content\/uploads\/2012\/12\/IMG_0195.jpg\"><img aria-describedby=\"caption-attachment-78\" decoding=\"async\" loading=\"lazy\" class=\"size-large wp-image-78\" title=\"Le fruit ouvert\" src=\"https:\/\/www.sjanocpi.fr\/burkina\/wp-content\/uploads\/2012\/12\/IMG_0195-1024x768.jpg\" alt=\"Le fruit ouvert\" width=\"584\" height=\"438\" srcset=\"https:\/\/www.sjanocpi.fr\/burkina\/wp-content\/uploads\/2012\/12\/IMG_0195-1024x768.jpg 1024w, https:\/\/www.sjanocpi.fr\/burkina\/wp-content\/uploads\/2012\/12\/IMG_0195-300x225.jpg 300w, https:\/\/www.sjanocpi.fr\/burkina\/wp-content\/uploads\/2012\/12\/IMG_0195-400x300.jpg 400w, https:\/\/www.sjanocpi.fr\/burkina\/wp-content\/uploads\/2012\/12\/IMG_0195.jpg 1632w\" sizes=\"(max-width: 584px) 100vw, 584px\" \/><\/a><p id=\"caption-attachment-78\" class=\"wp-caption-text\">Le fruit ouvert<\/p><\/div>\n<div id=\"attachment_79\" style=\"width: 594px\" class=\"wp-caption alignnone\"><a href=\"https:\/\/www.sjanocpi.fr\/burkina\/wp-content\/uploads\/2012\/12\/IMG_0196.jpg\"><img aria-describedby=\"caption-attachment-79\" decoding=\"async\" loading=\"lazy\" class=\"size-large wp-image-79\" title=\"Le fruit ouvert, la pulpe et les graines\" src=\"https:\/\/www.sjanocpi.fr\/burkina\/wp-content\/uploads\/2012\/12\/IMG_0196-1024x768.jpg\" alt=\"Le fruit ouvert, la pulpe et les graines\" width=\"584\" height=\"438\" srcset=\"https:\/\/www.sjanocpi.fr\/burkina\/wp-content\/uploads\/2012\/12\/IMG_0196-1024x768.jpg 1024w, https:\/\/www.sjanocpi.fr\/burkina\/wp-content\/uploads\/2012\/12\/IMG_0196-300x225.jpg 300w, https:\/\/www.sjanocpi.fr\/burkina\/wp-content\/uploads\/2012\/12\/IMG_0196-400x300.jpg 400w, https:\/\/www.sjanocpi.fr\/burkina\/wp-content\/uploads\/2012\/12\/IMG_0196.jpg 1632w\" sizes=\"(max-width: 584px) 100vw, 584px\" \/><\/a><p id=\"caption-attachment-79\" class=\"wp-caption-text\">Le fruit ouvert, la pulpe et les graines<\/p><\/div>\n<p>La pulpe du fruit a un go\u00fbt un peu acide\/sucr\u00e9, la consistance est celle d&rsquo;une p\u00e2te un peu s\u00e8che et \u00e7a ressemble \u00e0 une pastille vichy.<\/p>\n<p>Et voil\u00e0 en vrac quelques images<\/p>\n<div id=\"attachment_81\" style=\"width: 594px\" class=\"wp-caption alignnone\"><a href=\"https:\/\/www.sjanocpi.fr\/burkina\/wp-content\/uploads\/2012\/12\/IMG_0401.jpg\"><img aria-describedby=\"caption-attachment-81\" decoding=\"async\" loading=\"lazy\" class=\"size-large wp-image-81\" title=\"Sur la route tous les moyens sont bons pour avancer\" src=\"https:\/\/www.sjanocpi.fr\/burkina\/wp-content\/uploads\/2012\/12\/IMG_0401-1024x768.jpg\" alt=\"Sur la route tous les moyens sont bons pour avancer\" width=\"584\" height=\"438\" srcset=\"https:\/\/www.sjanocpi.fr\/burkina\/wp-content\/uploads\/2012\/12\/IMG_0401-1024x768.jpg 1024w, https:\/\/www.sjanocpi.fr\/burkina\/wp-content\/uploads\/2012\/12\/IMG_0401-300x225.jpg 300w, https:\/\/www.sjanocpi.fr\/burkina\/wp-content\/uploads\/2012\/12\/IMG_0401-400x300.jpg 400w\" sizes=\"(max-width: 584px) 100vw, 584px\" \/><\/a><p id=\"caption-attachment-81\" class=\"wp-caption-text\">Sur la route tous les moyens sont bons pour avancer<\/p><\/div>\n<div id=\"attachment_82\" style=\"width: 594px\" class=\"wp-caption alignnone\"><a href=\"https:\/\/www.sjanocpi.fr\/burkina\/wp-content\/uploads\/2012\/12\/IMG_0435.jpg\"><img aria-describedby=\"caption-attachment-82\" decoding=\"async\" loading=\"lazy\" class=\"size-large wp-image-82\" title=\"Bonne sant\u00e9 par multinationale fa\u00e7on localis\u00e9e\" src=\"https:\/\/www.sjanocpi.fr\/burkina\/wp-content\/uploads\/2012\/12\/IMG_0435-1024x768.jpg\" alt=\"Bonne sant\u00e9 par multinationale fa\u00e7on localis\u00e9e\" width=\"584\" height=\"438\" srcset=\"https:\/\/www.sjanocpi.fr\/burkina\/wp-content\/uploads\/2012\/12\/IMG_0435-1024x768.jpg 1024w, https:\/\/www.sjanocpi.fr\/burkina\/wp-content\/uploads\/2012\/12\/IMG_0435-300x225.jpg 300w, https:\/\/www.sjanocpi.fr\/burkina\/wp-content\/uploads\/2012\/12\/IMG_0435-400x300.jpg 400w, https:\/\/www.sjanocpi.fr\/burkina\/wp-content\/uploads\/2012\/12\/IMG_0435.jpg 1632w\" sizes=\"(max-width: 584px) 100vw, 584px\" \/><\/a><p id=\"caption-attachment-82\" class=\"wp-caption-text\">Bonne sant\u00e9 par multinationale fa\u00e7on localis\u00e9e<\/p><\/div>\n<div id=\"attachment_84\" style=\"width: 594px\" class=\"wp-caption alignnone\"><a href=\"https:\/\/www.sjanocpi.fr\/burkina\/wp-content\/uploads\/2012\/12\/IMG_0545.jpg\"><img aria-describedby=\"caption-attachment-84\" decoding=\"async\" loading=\"lazy\" class=\"size-large wp-image-84\" title=\"Noix de Kola dans l'emballage d'origine\" src=\"https:\/\/www.sjanocpi.fr\/burkina\/wp-content\/uploads\/2012\/12\/IMG_0545-1024x768.jpg\" alt=\"Noix de Kola dans l'emballage d'origine\" width=\"584\" height=\"438\" srcset=\"https:\/\/www.sjanocpi.fr\/burkina\/wp-content\/uploads\/2012\/12\/IMG_0545-1024x768.jpg 1024w, https:\/\/www.sjanocpi.fr\/burkina\/wp-content\/uploads\/2012\/12\/IMG_0545-300x225.jpg 300w, https:\/\/www.sjanocpi.fr\/burkina\/wp-content\/uploads\/2012\/12\/IMG_0545-400x300.jpg 400w\" sizes=\"(max-width: 584px) 100vw, 584px\" \/><\/a><p id=\"caption-attachment-84\" class=\"wp-caption-text\">Noix de Kola dans l&#8217;emballage d&rsquo;origine<\/p><\/div>\n<div id=\"attachment_85\" style=\"width: 594px\" class=\"wp-caption alignnone\"><a href=\"https:\/\/www.sjanocpi.fr\/burkina\/wp-content\/uploads\/2012\/12\/IMG_0505.jpg\"><img aria-describedby=\"caption-attachment-85\" decoding=\"async\" loading=\"lazy\" class=\"size-large wp-image-85\" title=\"Ouaga by Night, nuit calme\" src=\"https:\/\/www.sjanocpi.fr\/burkina\/wp-content\/uploads\/2012\/12\/IMG_0505-1024x768.jpg\" alt=\"Ouaga by Night, nuit calme\" width=\"584\" height=\"438\" srcset=\"https:\/\/www.sjanocpi.fr\/burkina\/wp-content\/uploads\/2012\/12\/IMG_0505-1024x768.jpg 1024w, https:\/\/www.sjanocpi.fr\/burkina\/wp-content\/uploads\/2012\/12\/IMG_0505-300x225.jpg 300w, https:\/\/www.sjanocpi.fr\/burkina\/wp-content\/uploads\/2012\/12\/IMG_0505-400x300.jpg 400w, https:\/\/www.sjanocpi.fr\/burkina\/wp-content\/uploads\/2012\/12\/IMG_0505.jpg 1632w\" sizes=\"(max-width: 584px) 100vw, 584px\" \/><\/a><p id=\"caption-attachment-85\" class=\"wp-caption-text\">Ouaga by Night, nuit calme<\/p><\/div>\n<div id=\"attachment_88\" style=\"width: 594px\" class=\"wp-caption alignnone\"><a href=\"https:\/\/www.sjanocpi.fr\/burkina\/wp-content\/uploads\/2012\/12\/IMG_0055.jpg\"><img aria-describedby=\"caption-attachment-88\" decoding=\"async\" loading=\"lazy\" class=\"size-large wp-image-88\" title=\"Le baffon\" src=\"https:\/\/www.sjanocpi.fr\/burkina\/wp-content\/uploads\/2012\/12\/IMG_0055-1024x768.jpg\" alt=\"Le baffon\" width=\"584\" height=\"438\" srcset=\"https:\/\/www.sjanocpi.fr\/burkina\/wp-content\/uploads\/2012\/12\/IMG_0055-1024x768.jpg 1024w, https:\/\/www.sjanocpi.fr\/burkina\/wp-content\/uploads\/2012\/12\/IMG_0055-300x225.jpg 300w, https:\/\/www.sjanocpi.fr\/burkina\/wp-content\/uploads\/2012\/12\/IMG_0055-400x300.jpg 400w, https:\/\/www.sjanocpi.fr\/burkina\/wp-content\/uploads\/2012\/12\/IMG_0055.jpg 1632w\" sizes=\"(max-width: 584px) 100vw, 584px\" \/><\/a><p id=\"caption-attachment-88\" class=\"wp-caption-text\">Le baffon<\/p><\/div>\n<p>Ce que l&rsquo;on nomme ici \u00ab\u00a0le baffon\u00a0\u00bb, en fran\u00e7ais on \u00e9crirait bas-fond, est une zone g\u00e9n\u00e9ralement inondable ou sur le bord de l&rsquo;eau, ici c&rsquo;est le baffon derri\u00e8re parlahiri \u00e0 Ouagadougou.<\/p>\n<p>Et pour finir, Sounoogo, en mor\u00e9 la joie, le journal satirique local.<\/p>\n<div id=\"attachment_90\" style=\"width: 594px\" class=\"wp-caption alignnone\"><a href=\"https:\/\/www.sjanocpi.fr\/burkina\/wp-content\/uploads\/2012\/12\/IMG_0536.jpg\"><img aria-describedby=\"caption-attachment-90\" decoding=\"async\" loading=\"lazy\" class=\"size-large wp-image-90\" title=\"Sounoogo, Journal satirique\" src=\"https:\/\/www.sjanocpi.fr\/burkina\/wp-content\/uploads\/2012\/12\/IMG_0536-771x1024.jpg\" alt=\"Sounoogo, Journal satirique\" width=\"584\" height=\"775\" srcset=\"https:\/\/www.sjanocpi.fr\/burkina\/wp-content\/uploads\/2012\/12\/IMG_0536-771x1024.jpg 771w, https:\/\/www.sjanocpi.fr\/burkina\/wp-content\/uploads\/2012\/12\/IMG_0536-226x300.jpg 226w, https:\/\/www.sjanocpi.fr\/burkina\/wp-content\/uploads\/2012\/12\/IMG_0536.jpg 1418w\" sizes=\"(max-width: 584px) 100vw, 584px\" \/><\/a><p id=\"caption-attachment-90\" class=\"wp-caption-text\">Sounoogo, Journal satirique<\/p><\/div>\n","protected":false},"excerpt":{"rendered":"<p>Le fruit du Baobab aussi appel\u00e9 pain de singe est une sucrerie locale appr\u00e9ci\u00e9e. La pulpe du fruit a un go\u00fbt un peu acide\/sucr\u00e9, la consistance est celle d&rsquo;une p\u00e2te un peu s\u00e8che et \u00e7a ressemble \u00e0 une pastille vichy. &hellip; <a href=\"https:\/\/www.sjanocpi.fr\/burkina\/?page_id=75\">Continuer la lecture <span class=\"meta-nav\">&rarr;<\/span><\/a><\/p>\n","protected":false},"author":1,"featured_media":0,"parent":0,"menu_order":0,"comment_status":"closed","ping_status":"closed","template":"","meta":{"footnotes":""},"_links":{"self":[{"href":"https:\/\/www.sjanocpi.fr\/burkina\/index.php?rest_route=\/wp\/v2\/pages\/75"}],"collection":[{"href":"https:\/\/www.sjanocpi.fr\/burkina\/index.php?rest_route=\/wp\/v2\/pages"}],"about":[{"href":"https:\/\/www.sjanocpi.fr\/burkina\/index.php?rest_route=\/wp\/v2\/types\/page"}],"author":[{"embeddable":true,"href":"https:\/\/www.sjanocpi.fr\/burkina\/index.php?rest_route=\/wp\/v2\/users\/1"}],"replies":[{"embeddable":true,"href":"https:\/\/www.sjanocpi.fr\/burkina\/index.php?rest_route=%2Fwp%2Fv2%2Fcomments&post=75"}],"version-history":[{"count":6,"href":"https:\/\/www.sjanocpi.fr\/burkina\/index.php?rest_route=\/wp\/v2\/pages\/75\/revisions"}],"predecessor-version":[{"id":87,"href":"https:\/\/www.sjanocpi.fr\/burkina\/index.php?rest_route=\/wp\/v2\/pages\/75\/revisions\/87"}],"wp:attachment":[{"href":"https:\/\/www.sjanocpi.fr\/burkina\/index.php?rest_route=%2Fwp%2Fv2%2Fmedia&parent=75"}],"curies":[{"name":"wp","href":"https:\/\/api.w.org\/{rel}","templated":true}]}}