{"id":51,"date":"2012-12-17T12:48:10","date_gmt":"2012-12-17T11:48:10","guid":{"rendered":"http:\/\/www.sjanocpi.fr\/burkina\/?page_id=51"},"modified":"2012-12-17T13:06:26","modified_gmt":"2012-12-17T12:06:26","slug":"ba-benda-ou-slip-de-chien","status":"publish","type":"page","link":"https:\/\/www.sjanocpi.fr\/burkina\/?page_id=51","title":{"rendered":"Ba Benda ou \u00ab\u00a0slip de chien\u00a0\u00bb"},"content":{"rendered":"<p>Le Ba benda est un des plats nationaux du Burkina. Autrefois dans les villages les gens en avaient assez de manger ce plat, il faut dire que les ingr\u00e9dients se limitaient aux herbes. Ils ont donc appel\u00e9 \u00e7a Ba benda, slip ou cale\u00e7on de chien par d\u00e9rision, quoi de plus simple qu&rsquo;un slip de chien (qui ne porte pas de slip bien sur). Au fil du temps la recette s&rsquo;est am\u00e9lior\u00e9e et les gens aiment de nouveau \u00e7a mais le nom est rest\u00e9. Voil\u00e0 quelques images de la pr\u00e9paration.<\/p>\n<div id=\"attachment_53\" style=\"width: 594px\" class=\"wp-caption alignnone\"><a href=\"https:\/\/www.sjanocpi.fr\/burkina\/wp-content\/uploads\/2012\/12\/plat001.jpg\"><img aria-describedby=\"caption-attachment-53\" decoding=\"async\" loading=\"lazy\" class=\"size-large wp-image-53\" title=\"plat001\" src=\"https:\/\/www.sjanocpi.fr\/burkina\/wp-content\/uploads\/2012\/12\/plat001-1024x768.jpg\" alt=\"Les arachides fraiches\" width=\"584\" height=\"438\" srcset=\"https:\/\/www.sjanocpi.fr\/burkina\/wp-content\/uploads\/2012\/12\/plat001-1024x768.jpg 1024w, https:\/\/www.sjanocpi.fr\/burkina\/wp-content\/uploads\/2012\/12\/plat001-300x225.jpg 300w, https:\/\/www.sjanocpi.fr\/burkina\/wp-content\/uploads\/2012\/12\/plat001-400x300.jpg 400w, https:\/\/www.sjanocpi.fr\/burkina\/wp-content\/uploads\/2012\/12\/plat001.jpg 1632w\" sizes=\"(max-width: 584px) 100vw, 584px\" \/><\/a><p id=\"caption-attachment-53\" class=\"wp-caption-text\">Les arachides fraiches<\/p><\/div>\n<div id=\"attachment_54\" style=\"width: 594px\" class=\"wp-caption alignnone\"><a href=\"https:\/\/www.sjanocpi.fr\/burkina\/wp-content\/uploads\/2012\/12\/plat002.jpg\"><img aria-describedby=\"caption-attachment-54\" decoding=\"async\" loading=\"lazy\" class=\"size-large wp-image-54\" title=\"On pile les arachides\" src=\"https:\/\/www.sjanocpi.fr\/burkina\/wp-content\/uploads\/2012\/12\/plat002-1024x768.jpg\" alt=\"On pile les arachides\" width=\"584\" height=\"438\" srcset=\"https:\/\/www.sjanocpi.fr\/burkina\/wp-content\/uploads\/2012\/12\/plat002-1024x768.jpg 1024w, https:\/\/www.sjanocpi.fr\/burkina\/wp-content\/uploads\/2012\/12\/plat002-300x225.jpg 300w, https:\/\/www.sjanocpi.fr\/burkina\/wp-content\/uploads\/2012\/12\/plat002-400x300.jpg 400w, https:\/\/www.sjanocpi.fr\/burkina\/wp-content\/uploads\/2012\/12\/plat002.jpg 1632w\" sizes=\"(max-width: 584px) 100vw, 584px\" \/><\/a><p id=\"caption-attachment-54\" class=\"wp-caption-text\">On pile les arachides<\/p><\/div>\n<div id=\"attachment_60\" style=\"width: 594px\" class=\"wp-caption alignnone\"><a href=\"https:\/\/www.sjanocpi.fr\/burkina\/wp-content\/uploads\/2012\/12\/plat007.jpg\"><img aria-describedby=\"caption-attachment-60\" decoding=\"async\" loading=\"lazy\" class=\"size-large wp-image-60\" title=\"Les arachides pil\u00e9es sont tamis\u00e9es\" src=\"https:\/\/www.sjanocpi.fr\/burkina\/wp-content\/uploads\/2012\/12\/plat007-1024x768.jpg\" alt=\"Les arachides pil\u00e9es sont tamis\u00e9es\" width=\"584\" height=\"438\" srcset=\"https:\/\/www.sjanocpi.fr\/burkina\/wp-content\/uploads\/2012\/12\/plat007-1024x768.jpg 1024w, https:\/\/www.sjanocpi.fr\/burkina\/wp-content\/uploads\/2012\/12\/plat007-300x225.jpg 300w, https:\/\/www.sjanocpi.fr\/burkina\/wp-content\/uploads\/2012\/12\/plat007-400x300.jpg 400w, https:\/\/www.sjanocpi.fr\/burkina\/wp-content\/uploads\/2012\/12\/plat007.jpg 1632w\" sizes=\"(max-width: 584px) 100vw, 584px\" \/><\/a><p id=\"caption-attachment-60\" class=\"wp-caption-text\">Les arachides pil\u00e9es sont tamis\u00e9es<\/p><\/div>\n<div id=\"attachment_55\" style=\"width: 594px\" class=\"wp-caption alignnone\"><a href=\"https:\/\/www.sjanocpi.fr\/burkina\/wp-content\/uploads\/2012\/12\/plat002b.jpg\"><img aria-describedby=\"caption-attachment-55\" decoding=\"async\" loading=\"lazy\" class=\"size-large wp-image-55\" title=\"L'oseille et les herbes\" src=\"https:\/\/www.sjanocpi.fr\/burkina\/wp-content\/uploads\/2012\/12\/plat002b-1024x768.jpg\" alt=\"L'oseille et les herbes\" width=\"584\" height=\"438\" srcset=\"https:\/\/www.sjanocpi.fr\/burkina\/wp-content\/uploads\/2012\/12\/plat002b-1024x768.jpg 1024w, https:\/\/www.sjanocpi.fr\/burkina\/wp-content\/uploads\/2012\/12\/plat002b-300x225.jpg 300w, https:\/\/www.sjanocpi.fr\/burkina\/wp-content\/uploads\/2012\/12\/plat002b-400x300.jpg 400w, https:\/\/www.sjanocpi.fr\/burkina\/wp-content\/uploads\/2012\/12\/plat002b.jpg 1632w\" sizes=\"(max-width: 584px) 100vw, 584px\" \/><\/a><p id=\"caption-attachment-55\" class=\"wp-caption-text\">L&rsquo;oseille et les herbes<\/p><\/div>\n<div id=\"attachment_57\" style=\"width: 594px\" class=\"wp-caption alignnone\"><a href=\"https:\/\/www.sjanocpi.fr\/burkina\/wp-content\/uploads\/2012\/12\/plat004.jpg\"><img aria-describedby=\"caption-attachment-57\" decoding=\"async\" loading=\"lazy\" class=\"size-large wp-image-57\" title=\"Les herbes cuisent\" src=\"https:\/\/www.sjanocpi.fr\/burkina\/wp-content\/uploads\/2012\/12\/plat004-1024x768.jpg\" alt=\"Les herbes cuisent\" width=\"584\" height=\"438\" srcset=\"https:\/\/www.sjanocpi.fr\/burkina\/wp-content\/uploads\/2012\/12\/plat004-1024x768.jpg 1024w, https:\/\/www.sjanocpi.fr\/burkina\/wp-content\/uploads\/2012\/12\/plat004-300x225.jpg 300w, https:\/\/www.sjanocpi.fr\/burkina\/wp-content\/uploads\/2012\/12\/plat004-400x300.jpg 400w, https:\/\/www.sjanocpi.fr\/burkina\/wp-content\/uploads\/2012\/12\/plat004.jpg 1632w\" sizes=\"(max-width: 584px) 100vw, 584px\" \/><\/a><p id=\"caption-attachment-57\" class=\"wp-caption-text\">Les herbes cuisent<\/p><\/div>\n<div id=\"attachment_61\" style=\"width: 594px\" class=\"wp-caption alignnone\"><a href=\"https:\/\/www.sjanocpi.fr\/burkina\/wp-content\/uploads\/2012\/12\/plat008.jpg\"><img aria-describedby=\"caption-attachment-61\" decoding=\"async\" loading=\"lazy\" class=\"size-large wp-image-61\" title=\"Les arachides sont ajout\u00e9es dans la marmite\" src=\"https:\/\/www.sjanocpi.fr\/burkina\/wp-content\/uploads\/2012\/12\/plat008-1024x768.jpg\" alt=\"Les arachides sont ajout\u00e9es dans la marmite\" width=\"584\" height=\"438\" srcset=\"https:\/\/www.sjanocpi.fr\/burkina\/wp-content\/uploads\/2012\/12\/plat008-1024x768.jpg 1024w, https:\/\/www.sjanocpi.fr\/burkina\/wp-content\/uploads\/2012\/12\/plat008-300x225.jpg 300w, https:\/\/www.sjanocpi.fr\/burkina\/wp-content\/uploads\/2012\/12\/plat008-400x300.jpg 400w, https:\/\/www.sjanocpi.fr\/burkina\/wp-content\/uploads\/2012\/12\/plat008.jpg 1632w\" sizes=\"(max-width: 584px) 100vw, 584px\" \/><\/a><p id=\"caption-attachment-61\" class=\"wp-caption-text\">Les arachides sont ajout\u00e9es dans la marmite<\/p><\/div>\n<div id=\"attachment_56\" style=\"width: 594px\" class=\"wp-caption alignnone\"><a href=\"https:\/\/www.sjanocpi.fr\/burkina\/wp-content\/uploads\/2012\/12\/plat003.jpg\"><img aria-describedby=\"caption-attachment-56\" decoding=\"async\" loading=\"lazy\" class=\"size-large wp-image-56\" title=\"On pile le riz\" src=\"https:\/\/www.sjanocpi.fr\/burkina\/wp-content\/uploads\/2012\/12\/plat003-1024x768.jpg\" alt=\"On pile le riz\" width=\"584\" height=\"438\" srcset=\"https:\/\/www.sjanocpi.fr\/burkina\/wp-content\/uploads\/2012\/12\/plat003-1024x768.jpg 1024w, https:\/\/www.sjanocpi.fr\/burkina\/wp-content\/uploads\/2012\/12\/plat003-300x225.jpg 300w, https:\/\/www.sjanocpi.fr\/burkina\/wp-content\/uploads\/2012\/12\/plat003-400x300.jpg 400w, https:\/\/www.sjanocpi.fr\/burkina\/wp-content\/uploads\/2012\/12\/plat003.jpg 1632w\" sizes=\"(max-width: 584px) 100vw, 584px\" \/><\/a><p id=\"caption-attachment-56\" class=\"wp-caption-text\">On pile le riz<\/p><\/div>\n<div id=\"attachment_58\" style=\"width: 594px\" class=\"wp-caption alignnone\"><a href=\"https:\/\/www.sjanocpi.fr\/burkina\/wp-content\/uploads\/2012\/12\/plat005.jpg\"><img aria-describedby=\"caption-attachment-58\" decoding=\"async\" loading=\"lazy\" class=\"size-large wp-image-58\" title=\"L'eau pour le riz \u00e0 servi \u00e0 rincer le pilon du riz pil\u00e9\" src=\"https:\/\/www.sjanocpi.fr\/burkina\/wp-content\/uploads\/2012\/12\/plat005-1024x768.jpg\" alt=\"L'eau pour le riz \u00e0 servi \u00e0 rincer le pilon du riz pil\u00e9\" width=\"584\" height=\"438\" srcset=\"https:\/\/www.sjanocpi.fr\/burkina\/wp-content\/uploads\/2012\/12\/plat005-1024x768.jpg 1024w, https:\/\/www.sjanocpi.fr\/burkina\/wp-content\/uploads\/2012\/12\/plat005-300x225.jpg 300w, https:\/\/www.sjanocpi.fr\/burkina\/wp-content\/uploads\/2012\/12\/plat005-400x300.jpg 400w, https:\/\/www.sjanocpi.fr\/burkina\/wp-content\/uploads\/2012\/12\/plat005.jpg 1632w\" sizes=\"(max-width: 584px) 100vw, 584px\" \/><\/a><p id=\"caption-attachment-58\" class=\"wp-caption-text\">L&rsquo;eau pour le riz \u00e0 servi \u00e0 rincer le pilon du riz pil\u00e9<\/p><\/div>\n<div id=\"attachment_59\" style=\"width: 594px\" class=\"wp-caption alignnone\"><a href=\"https:\/\/www.sjanocpi.fr\/burkina\/wp-content\/uploads\/2012\/12\/plat006.jpg\"><img aria-describedby=\"caption-attachment-59\" decoding=\"async\" loading=\"lazy\" class=\"size-large wp-image-59\" title=\"On ajoute le riz aux herbes\" src=\"https:\/\/www.sjanocpi.fr\/burkina\/wp-content\/uploads\/2012\/12\/plat006-1024x768.jpg\" alt=\"On ajoute le riz aux herbes\" width=\"584\" height=\"438\" srcset=\"https:\/\/www.sjanocpi.fr\/burkina\/wp-content\/uploads\/2012\/12\/plat006-1024x768.jpg 1024w, https:\/\/www.sjanocpi.fr\/burkina\/wp-content\/uploads\/2012\/12\/plat006-300x225.jpg 300w, https:\/\/www.sjanocpi.fr\/burkina\/wp-content\/uploads\/2012\/12\/plat006-400x300.jpg 400w, https:\/\/www.sjanocpi.fr\/burkina\/wp-content\/uploads\/2012\/12\/plat006.jpg 1632w\" sizes=\"(max-width: 584px) 100vw, 584px\" \/><\/a><p id=\"caption-attachment-59\" class=\"wp-caption-text\">On ajoute le riz aux herbes.<\/p><\/div>\n<div id=\"attachment_62\" style=\"width: 594px\" class=\"wp-caption alignnone\"><a href=\"https:\/\/www.sjanocpi.fr\/burkina\/wp-content\/uploads\/2012\/12\/plat009.jpg\"><img aria-describedby=\"caption-attachment-62\" decoding=\"async\" loading=\"lazy\" class=\"size-large wp-image-62\" title=\"On pile le piment avec le sel\" src=\"https:\/\/www.sjanocpi.fr\/burkina\/wp-content\/uploads\/2012\/12\/plat009-1024x768.jpg\" alt=\"On pile le piment avec le sel\" width=\"584\" height=\"438\" srcset=\"https:\/\/www.sjanocpi.fr\/burkina\/wp-content\/uploads\/2012\/12\/plat009-1024x768.jpg 1024w, https:\/\/www.sjanocpi.fr\/burkina\/wp-content\/uploads\/2012\/12\/plat009-300x225.jpg 300w, https:\/\/www.sjanocpi.fr\/burkina\/wp-content\/uploads\/2012\/12\/plat009-400x300.jpg 400w, https:\/\/www.sjanocpi.fr\/burkina\/wp-content\/uploads\/2012\/12\/plat009.jpg 1632w\" sizes=\"(max-width: 584px) 100vw, 584px\" \/><\/a><p id=\"caption-attachment-62\" class=\"wp-caption-text\">On pile le piment avec le sel<\/p><\/div>\n<div id=\"attachment_63\" style=\"width: 594px\" class=\"wp-caption alignnone\"><a href=\"https:\/\/www.sjanocpi.fr\/burkina\/wp-content\/uploads\/2012\/12\/plat010.jpg\"><img aria-describedby=\"caption-attachment-63\" decoding=\"async\" loading=\"lazy\" class=\"size-large wp-image-63\" title=\"Le piment pil\u00e9 avec le sel, l'odeur est superbe\" src=\"https:\/\/www.sjanocpi.fr\/burkina\/wp-content\/uploads\/2012\/12\/plat010-1024x768.jpg\" alt=\"Le piment pil\u00e9 avec le sel, l'odeur est superbe\" width=\"584\" height=\"438\" srcset=\"https:\/\/www.sjanocpi.fr\/burkina\/wp-content\/uploads\/2012\/12\/plat010-1024x768.jpg 1024w, https:\/\/www.sjanocpi.fr\/burkina\/wp-content\/uploads\/2012\/12\/plat010-300x225.jpg 300w, https:\/\/www.sjanocpi.fr\/burkina\/wp-content\/uploads\/2012\/12\/plat010-400x300.jpg 400w, https:\/\/www.sjanocpi.fr\/burkina\/wp-content\/uploads\/2012\/12\/plat010.jpg 1632w\" sizes=\"(max-width: 584px) 100vw, 584px\" \/><\/a><p id=\"caption-attachment-63\" class=\"wp-caption-text\">Le piment pil\u00e9 avec le sel, l&rsquo;odeur est superbe<\/p><\/div>\n<div id=\"attachment_64\" style=\"width: 594px\" class=\"wp-caption alignnone\"><a href=\"https:\/\/www.sjanocpi.fr\/burkina\/wp-content\/uploads\/2012\/12\/plat011.jpg\"><img aria-describedby=\"caption-attachment-64\" decoding=\"async\" loading=\"lazy\" class=\" wp-image-64\" title=\"Le t\u00f4h, une bouillie solide de ma\u00efs, le plat de base ici\" src=\"https:\/\/www.sjanocpi.fr\/burkina\/wp-content\/uploads\/2012\/12\/plat011-1024x768.jpg\" alt=\"Le t\u00f4h, une bouillie solide de ma\u00efs, le plat de base ici\" width=\"584\" height=\"438\" srcset=\"https:\/\/www.sjanocpi.fr\/burkina\/wp-content\/uploads\/2012\/12\/plat011-1024x768.jpg 1024w, https:\/\/www.sjanocpi.fr\/burkina\/wp-content\/uploads\/2012\/12\/plat011-300x225.jpg 300w, https:\/\/www.sjanocpi.fr\/burkina\/wp-content\/uploads\/2012\/12\/plat011-400x300.jpg 400w, https:\/\/www.sjanocpi.fr\/burkina\/wp-content\/uploads\/2012\/12\/plat011.jpg 1632w\" sizes=\"(max-width: 584px) 100vw, 584px\" \/><\/a><p id=\"caption-attachment-64\" class=\"wp-caption-text\">Le t\u00f4h, une bouillie solide de ma\u00efs, le plat de base ici<\/p><\/div>\n<p>&nbsp;<\/p>\n<div id=\"attachment_65\" style=\"width: 594px\" class=\"wp-caption alignnone\"><a href=\"https:\/\/www.sjanocpi.fr\/burkina\/wp-content\/uploads\/2012\/12\/plat012.jpg\"><img aria-describedby=\"caption-attachment-65\" decoding=\"async\" loading=\"lazy\" class=\"size-large wp-image-65\" title=\"Et le plat que je vais manger, c'est d\u00e9-li-cieux, Ya s\u00f4ma wouss'g\u00f4\" src=\"https:\/\/www.sjanocpi.fr\/burkina\/wp-content\/uploads\/2012\/12\/plat012-1024x768.jpg\" alt=\"Et le plat que je vais manger, c'est d\u00e9-li-cieux, Ya s\u00f4ma wouss'g\u00f4\" width=\"584\" height=\"438\" srcset=\"https:\/\/www.sjanocpi.fr\/burkina\/wp-content\/uploads\/2012\/12\/plat012-1024x768.jpg 1024w, https:\/\/www.sjanocpi.fr\/burkina\/wp-content\/uploads\/2012\/12\/plat012-300x225.jpg 300w, https:\/\/www.sjanocpi.fr\/burkina\/wp-content\/uploads\/2012\/12\/plat012-400x300.jpg 400w, https:\/\/www.sjanocpi.fr\/burkina\/wp-content\/uploads\/2012\/12\/plat012.jpg 1632w\" sizes=\"(max-width: 584px) 100vw, 584px\" \/><\/a><p id=\"caption-attachment-65\" class=\"wp-caption-text\">Et le plat que je vais manger, c&rsquo;est d\u00e9-li-cieux, Ya s\u00f4ma wouss&rsquo;g\u00f4<\/p><\/div>\n<p>Ici quand on mange et que quelqu&rsquo;un passe on lui dit \u00ab\u00a0woua tii diib\u00f4\u00a0\u00bb, ce qui signifie \u00ab\u00a0vous \u00eates invit\u00e9s\u00a0\u00bb. G\u00e9n\u00e9ralement les gens remercient mais ne s&rsquo;arr\u00eatent pas sauf si ils sont vraiment faim ou qu&rsquo;il ya un Nahssahrah, un blanc, dans ce dernier cas on ne sait jamais, \u00e7a peut rapporter autre chose, un ami, du travail, de l&rsquo;argent, un visa etc. Si la personne ne r\u00e9pond pas g\u00e9n\u00e9ralement l&rsquo;inviteur ajoute, on n&rsquo;a pas dit vous \u00eates \u00e9vit\u00e9s mais vous \u00eates invit\u00e9s. En tous cas une r\u00e9ponse est attendue. Ceci m&rsquo;am\u00e8ne \u00e0 la convivialit\u00e9 qui r\u00e8gne ici. Mis \u00e0 part ces invitations syst\u00e9matiques \u00e0 manger et ce envers toutes personne qui passe, on salue une personne \u00e0 partir du moment ou vos regards se sont crois\u00e9s, qu&rsquo;on la connaisse ou pas. Les salutations sont codifi\u00e9es en fonction de l&rsquo;heure du jour. N\u00e9\u00ef ib\u00e9go le matin, N\u00e9\u00ef winiga entre midi et 15heures, N\u00e9\u00ef zabr\u00e9 jusqu&rsquo;\u00e0 la nuit tard +-22:00, N\u00e9\u00ef Yungo la nuit. Par exemple :<\/p>\n<p>A dit N\u00e9\u00ef ib\u00e9go<\/p>\n<p>B r\u00e9pond Laafi Balla &#8212;- \u00e7a va et vous<\/p>\n<p>A dit Laafi ou Yiis kibar\u00e9 &#8212;- \u00e7a va aussi<\/p>\n<p>B r\u00e9pond Laafi b\u00e9\u00e9m\u00e9 &#8212;- et la sant\u00e9<\/p>\n<p>A r\u00e9pond Laafi ,Za Kramba? &#8212;- \u00e7a va et demande: comment va la famille?<\/p>\n<p>B r\u00e9pond Laafi &#8212; \u00e7a va etc<\/p>\n<p>Alors tout va bien.<\/p>\n<p>A bient\u00f4t pour de nouvelles aventures<\/p>\n","protected":false},"excerpt":{"rendered":"<p>Le Ba benda est un des plats nationaux du Burkina. Autrefois dans les villages les gens en avaient assez de manger ce plat, il faut dire que les ingr\u00e9dients se limitaient aux herbes. Ils ont donc appel\u00e9 \u00e7a Ba benda, &hellip; <a href=\"https:\/\/www.sjanocpi.fr\/burkina\/?page_id=51\">Continuer la lecture <span class=\"meta-nav\">&rarr;<\/span><\/a><\/p>\n","protected":false},"author":1,"featured_media":0,"parent":0,"menu_order":0,"comment_status":"closed","ping_status":"closed","template":"","meta":{"footnotes":""},"_links":{"self":[{"href":"https:\/\/www.sjanocpi.fr\/burkina\/index.php?rest_route=\/wp\/v2\/pages\/51"}],"collection":[{"href":"https:\/\/www.sjanocpi.fr\/burkina\/index.php?rest_route=\/wp\/v2\/pages"}],"about":[{"href":"https:\/\/www.sjanocpi.fr\/burkina\/index.php?rest_route=\/wp\/v2\/types\/page"}],"author":[{"embeddable":true,"href":"https:\/\/www.sjanocpi.fr\/burkina\/index.php?rest_route=\/wp\/v2\/users\/1"}],"replies":[{"embeddable":true,"href":"https:\/\/www.sjanocpi.fr\/burkina\/index.php?rest_route=%2Fwp%2Fv2%2Fcomments&post=51"}],"version-history":[{"count":9,"href":"https:\/\/www.sjanocpi.fr\/burkina\/index.php?rest_route=\/wp\/v2\/pages\/51\/revisions"}],"predecessor-version":[{"id":71,"href":"https:\/\/www.sjanocpi.fr\/burkina\/index.php?rest_route=\/wp\/v2\/pages\/51\/revisions\/71"}],"wp:attachment":[{"href":"https:\/\/www.sjanocpi.fr\/burkina\/index.php?rest_route=%2Fwp%2Fv2%2Fmedia&parent=51"}],"curies":[{"name":"wp","href":"https:\/\/api.w.org\/{rel}","templated":true}]}}