{"id":45,"date":"2012-12-15T17:01:10","date_gmt":"2012-12-15T16:01:10","guid":{"rendered":"http:\/\/www.sjanocpi.fr\/burkina\/?page_id=45"},"modified":"2012-12-15T17:01:10","modified_gmt":"2012-12-15T16:01:10","slug":"images-diverses","status":"publish","type":"page","link":"https:\/\/www.sjanocpi.fr\/burkina\/?page_id=45","title":{"rendered":"Images diverses"},"content":{"rendered":"<p>Sur la route qui traverse le march\u00e9<\/p>\n<div id=\"attachment_46\" style=\"width: 594px\" class=\"wp-caption alignnone\"><a href=\"https:\/\/www.sjanocpi.fr\/burkina\/wp-content\/uploads\/2012\/12\/IMG_0474.jpg\"><img aria-describedby=\"caption-attachment-46\" decoding=\"async\" loading=\"lazy\" class=\"size-large wp-image-46\" title=\"La route \u00e0 Loropeni le jour du march\u00e9\" src=\"https:\/\/www.sjanocpi.fr\/burkina\/wp-content\/uploads\/2012\/12\/IMG_0474-1024x768.jpg\" alt=\"La route \u00e0 Loropeni le jour du march\u00e9\" width=\"584\" height=\"438\" srcset=\"https:\/\/www.sjanocpi.fr\/burkina\/wp-content\/uploads\/2012\/12\/IMG_0474-1024x768.jpg 1024w, https:\/\/www.sjanocpi.fr\/burkina\/wp-content\/uploads\/2012\/12\/IMG_0474-300x225.jpg 300w, https:\/\/www.sjanocpi.fr\/burkina\/wp-content\/uploads\/2012\/12\/IMG_0474-400x300.jpg 400w, https:\/\/www.sjanocpi.fr\/burkina\/wp-content\/uploads\/2012\/12\/IMG_0474.jpg 1632w\" sizes=\"(max-width: 584px) 100vw, 584px\" \/><\/a><p id=\"caption-attachment-46\" class=\"wp-caption-text\">La route \u00e0 Loropeni le jour du march\u00e9<\/p><\/div>\n<p>Les autocollants qui portent chance ne sont pas toujours tr\u00e8s clairs mais ceux-ci sont explicites<\/p>\n<div id=\"attachment_47\" style=\"width: 594px\" class=\"wp-caption alignnone\"><a href=\"https:\/\/www.sjanocpi.fr\/burkina\/wp-content\/uploads\/2012\/12\/IMG_0492.jpg\"><img aria-describedby=\"caption-attachment-47\" decoding=\"async\" loading=\"lazy\" class=\"size-large wp-image-47\" title=\"autocollants\" src=\"https:\/\/www.sjanocpi.fr\/burkina\/wp-content\/uploads\/2012\/12\/IMG_0492-1024x768.jpg\" alt=\"autocollants\" width=\"584\" height=\"438\" srcset=\"https:\/\/www.sjanocpi.fr\/burkina\/wp-content\/uploads\/2012\/12\/IMG_0492-1024x768.jpg 1024w, https:\/\/www.sjanocpi.fr\/burkina\/wp-content\/uploads\/2012\/12\/IMG_0492-300x225.jpg 300w, https:\/\/www.sjanocpi.fr\/burkina\/wp-content\/uploads\/2012\/12\/IMG_0492-400x300.jpg 400w, https:\/\/www.sjanocpi.fr\/burkina\/wp-content\/uploads\/2012\/12\/IMG_0492.jpg 1632w\" sizes=\"(max-width: 584px) 100vw, 584px\" \/><\/a><p id=\"caption-attachment-47\" class=\"wp-caption-text\">autocollants<\/p><\/div>\n<p>Et comme la chance peut-\u00eatre au rendez-vous, le PMU Burkinab\u00e9 est l\u00e0.<\/p>\n<div id=\"attachment_48\" style=\"width: 594px\" class=\"wp-caption alignnone\"><a href=\"https:\/\/www.sjanocpi.fr\/burkina\/wp-content\/uploads\/2012\/12\/IMG_0519.jpg\"><img aria-describedby=\"caption-attachment-48\" decoding=\"async\" loading=\"lazy\" class=\"size-large wp-image-48\" title=\"PMUB Ouaga\" src=\"https:\/\/www.sjanocpi.fr\/burkina\/wp-content\/uploads\/2012\/12\/IMG_0519-1024x768.jpg\" alt=\"\" width=\"584\" height=\"438\" srcset=\"https:\/\/www.sjanocpi.fr\/burkina\/wp-content\/uploads\/2012\/12\/IMG_0519-1024x768.jpg 1024w, https:\/\/www.sjanocpi.fr\/burkina\/wp-content\/uploads\/2012\/12\/IMG_0519-300x225.jpg 300w, https:\/\/www.sjanocpi.fr\/burkina\/wp-content\/uploads\/2012\/12\/IMG_0519-400x300.jpg 400w, https:\/\/www.sjanocpi.fr\/burkina\/wp-content\/uploads\/2012\/12\/IMG_0519.jpg 1632w\" sizes=\"(max-width: 584px) 100vw, 584px\" \/><\/a><p id=\"caption-attachment-48\" class=\"wp-caption-text\">PMUB Ouaga<\/p><\/div>\n<p>Le matin \u00e0 Ouaga, vue du maquis ou l&rsquo;on boit le Nescaf\u00e9, \u00e7a para\u00eet tranquille \u00e0 6:30\/7:00 mais en fait la vie bat d\u00e9j\u00e0 son plein<\/p>\n<div id=\"attachment_49\" style=\"width: 594px\" class=\"wp-caption alignnone\"><a href=\"https:\/\/www.sjanocpi.fr\/burkina\/wp-content\/uploads\/2012\/12\/IMG_0065.jpg\"><img aria-describedby=\"caption-attachment-49\" decoding=\"async\" loading=\"lazy\" class=\"size-large wp-image-49\" title=\"petit matin \u00e0 Ouaga\" src=\"https:\/\/www.sjanocpi.fr\/burkina\/wp-content\/uploads\/2012\/12\/IMG_0065-1024x768.jpg\" alt=\"petit matin \u00e0 Ouaga\" width=\"584\" height=\"438\" srcset=\"https:\/\/www.sjanocpi.fr\/burkina\/wp-content\/uploads\/2012\/12\/IMG_0065-1024x768.jpg 1024w, https:\/\/www.sjanocpi.fr\/burkina\/wp-content\/uploads\/2012\/12\/IMG_0065-300x225.jpg 300w, https:\/\/www.sjanocpi.fr\/burkina\/wp-content\/uploads\/2012\/12\/IMG_0065-400x300.jpg 400w, https:\/\/www.sjanocpi.fr\/burkina\/wp-content\/uploads\/2012\/12\/IMG_0065.jpg 1632w\" sizes=\"(max-width: 584px) 100vw, 584px\" \/><\/a><p id=\"caption-attachment-49\" class=\"wp-caption-text\">petit matin \u00e0 Ouaga<\/p><\/div>\n<p>&nbsp;<\/p>\n","protected":false},"excerpt":{"rendered":"<p>Sur la route qui traverse le march\u00e9 Les autocollants qui portent chance ne sont pas toujours tr\u00e8s clairs mais ceux-ci sont explicites Et comme la chance peut-\u00eatre au rendez-vous, le PMU Burkinab\u00e9 est l\u00e0. Le matin \u00e0 Ouaga, vue du &hellip; <a href=\"https:\/\/www.sjanocpi.fr\/burkina\/?page_id=45\">Continuer la lecture <span class=\"meta-nav\">&rarr;<\/span><\/a><\/p>\n","protected":false},"author":1,"featured_media":0,"parent":0,"menu_order":0,"comment_status":"closed","ping_status":"closed","template":"","meta":{"footnotes":""},"_links":{"self":[{"href":"https:\/\/www.sjanocpi.fr\/burkina\/index.php?rest_route=\/wp\/v2\/pages\/45"}],"collection":[{"href":"https:\/\/www.sjanocpi.fr\/burkina\/index.php?rest_route=\/wp\/v2\/pages"}],"about":[{"href":"https:\/\/www.sjanocpi.fr\/burkina\/index.php?rest_route=\/wp\/v2\/types\/page"}],"author":[{"embeddable":true,"href":"https:\/\/www.sjanocpi.fr\/burkina\/index.php?rest_route=\/wp\/v2\/users\/1"}],"replies":[{"embeddable":true,"href":"https:\/\/www.sjanocpi.fr\/burkina\/index.php?rest_route=%2Fwp%2Fv2%2Fcomments&post=45"}],"version-history":[{"count":1,"href":"https:\/\/www.sjanocpi.fr\/burkina\/index.php?rest_route=\/wp\/v2\/pages\/45\/revisions"}],"predecessor-version":[{"id":50,"href":"https:\/\/www.sjanocpi.fr\/burkina\/index.php?rest_route=\/wp\/v2\/pages\/45\/revisions\/50"}],"wp:attachment":[{"href":"https:\/\/www.sjanocpi.fr\/burkina\/index.php?rest_route=%2Fwp%2Fv2%2Fmedia&parent=45"}],"curies":[{"name":"wp","href":"https:\/\/api.w.org\/{rel}","templated":true}]}}