{"id":34,"date":"2012-12-13T13:18:30","date_gmt":"2012-12-13T12:18:30","guid":{"rendered":"http:\/\/www.sjanocpi.fr\/burkina\/?page_id=34"},"modified":"2012-12-13T13:18:30","modified_gmt":"2012-12-13T12:18:30","slug":"ouaga-loropeni-ouaga","status":"publish","type":"page","link":"https:\/\/www.sjanocpi.fr\/burkina\/?page_id=34","title":{"rendered":"Ouaga Loropeni Ouaga"},"content":{"rendered":"<p><a href=\"http:\/\/maps.google.fr\/maps?q=Lorop%C3%A9ni,+Sud-Ouest,+Burkina+Faso&amp;hl=fr&amp;ie=UTF8&amp;ll=10.292625,-3.531761&amp;spn=0.197274,0.264702&amp;sll=46.75984,1.738281&amp;sspn=8.792577,16.940918&amp;oq=Loropeni+burkina&amp;hnear=Lorop%C3%A9ni,+Poni,+Sud-Ouest,+Burkina+Faso&amp;t=m&amp;z=12\">Loropeni sur google maps <\/a><\/p>\n<p>La route Ouagadougou Loropeni est relativement bonne mise \u00e0 part une portion avec quelques nids de poule qu&rsquo;on pourrait nommer nids d&rsquo;autruches parfois.<\/p>\n<div id=\"attachment_41\" style=\"width: 594px\" class=\"wp-caption alignnone\"><a href=\"https:\/\/www.sjanocpi.fr\/burkina\/wp-content\/uploads\/2012\/12\/aIMG_0363.jpg\"><img aria-describedby=\"caption-attachment-41\" decoding=\"async\" loading=\"lazy\" class=\"size-large wp-image-41\" title=\"Nid de poule\" src=\"https:\/\/www.sjanocpi.fr\/burkina\/wp-content\/uploads\/2012\/12\/aIMG_0363-1024x768.jpg\" alt=\"Nid de poule\" width=\"584\" height=\"438\" srcset=\"https:\/\/www.sjanocpi.fr\/burkina\/wp-content\/uploads\/2012\/12\/aIMG_0363-1024x768.jpg 1024w, https:\/\/www.sjanocpi.fr\/burkina\/wp-content\/uploads\/2012\/12\/aIMG_0363-300x225.jpg 300w, https:\/\/www.sjanocpi.fr\/burkina\/wp-content\/uploads\/2012\/12\/aIMG_0363-400x300.jpg 400w\" sizes=\"(max-width: 584px) 100vw, 584px\" \/><\/a><p id=\"caption-attachment-41\" class=\"wp-caption-text\">Nid de poule<\/p><\/div>\n<p>Une fois pass\u00e9e la ville de Gaoua quelques menus travaux am\u00e9liorent la route, en fait c&rsquo;est surtout le panneau qui vaut le d\u00e9tour.<\/p>\n<p><a href=\"https:\/\/www.sjanocpi.fr\/burkina\/wp-content\/uploads\/2012\/12\/aIMG_0381.jpg\"><img decoding=\"async\" loading=\"lazy\" class=\"alignnone size-large wp-image-42\" title=\"Attention\" src=\"https:\/\/www.sjanocpi.fr\/burkina\/wp-content\/uploads\/2012\/12\/aIMG_0381-1024x768.jpg\" alt=\"panneau\" width=\"584\" height=\"438\" srcset=\"https:\/\/www.sjanocpi.fr\/burkina\/wp-content\/uploads\/2012\/12\/aIMG_0381-1024x768.jpg 1024w, https:\/\/www.sjanocpi.fr\/burkina\/wp-content\/uploads\/2012\/12\/aIMG_0381-300x225.jpg 300w, https:\/\/www.sjanocpi.fr\/burkina\/wp-content\/uploads\/2012\/12\/aIMG_0381-400x300.jpg 400w\" sizes=\"(max-width: 584px) 100vw, 584px\" \/><\/a><\/p>\n<p>&nbsp;<\/p>\n<p>Moi avec Prosper Farama, avocat de son \u00e9tat, dans le village de sa famille \u00e0 cot\u00e9 de Loropeni, nous habitons chez son p\u00e8re \u00e0 Loropeni, ce dernier est un instituteur \u00e0 la retraite.<\/p>\n<div id=\"attachment_43\" style=\"width: 594px\" class=\"wp-caption alignnone\"><a href=\"https:\/\/www.sjanocpi.fr\/burkina\/wp-content\/uploads\/2012\/12\/aIMG_0411.jpg\"><img aria-describedby=\"caption-attachment-43\" decoding=\"async\" loading=\"lazy\" class=\"size-large wp-image-43\" title=\"Au village\" src=\"https:\/\/www.sjanocpi.fr\/burkina\/wp-content\/uploads\/2012\/12\/aIMG_0411-1024x768.jpg\" alt=\"Au village\" width=\"584\" height=\"438\" srcset=\"https:\/\/www.sjanocpi.fr\/burkina\/wp-content\/uploads\/2012\/12\/aIMG_0411-1024x768.jpg 1024w, https:\/\/www.sjanocpi.fr\/burkina\/wp-content\/uploads\/2012\/12\/aIMG_0411-300x225.jpg 300w, https:\/\/www.sjanocpi.fr\/burkina\/wp-content\/uploads\/2012\/12\/aIMG_0411-400x300.jpg 400w, https:\/\/www.sjanocpi.fr\/burkina\/wp-content\/uploads\/2012\/12\/aIMG_0411.jpg 1632w\" sizes=\"(max-width: 584px) 100vw, 584px\" \/><\/a><p id=\"caption-attachment-43\" class=\"wp-caption-text\">Au village<\/p><\/div>\n<p>Une station Total sur le bord de la route. Le minimum vital.<\/p>\n<div id=\"attachment_38\" style=\"width: 594px\" class=\"wp-caption alignnone\"><a href=\"https:\/\/www.sjanocpi.fr\/burkina\/wp-content\/uploads\/2012\/12\/aIMG_0441.jpg\"><img aria-describedby=\"caption-attachment-38\" decoding=\"async\" loading=\"lazy\" class=\"size-large wp-image-38\" title=\"Station du bord de route\" src=\"https:\/\/www.sjanocpi.fr\/burkina\/wp-content\/uploads\/2012\/12\/aIMG_0441-1024x768.jpg\" alt=\"Station du bord de route\" width=\"584\" height=\"438\" srcset=\"https:\/\/www.sjanocpi.fr\/burkina\/wp-content\/uploads\/2012\/12\/aIMG_0441-1024x768.jpg 1024w, https:\/\/www.sjanocpi.fr\/burkina\/wp-content\/uploads\/2012\/12\/aIMG_0441-300x225.jpg 300w, https:\/\/www.sjanocpi.fr\/burkina\/wp-content\/uploads\/2012\/12\/aIMG_0441-400x300.jpg 400w, https:\/\/www.sjanocpi.fr\/burkina\/wp-content\/uploads\/2012\/12\/aIMG_0441.jpg 1632w\" sizes=\"(max-width: 584px) 100vw, 584px\" \/><\/a><p id=\"caption-attachment-38\" class=\"wp-caption-text\">Station du bord de route<\/p><\/div>\n<p>Monique, la serveuse du Bar, ici on dit le maquis, est de bonne humeur et fort sympathique et jolie.<\/p>\n<div id=\"attachment_37\" style=\"width: 594px\" class=\"wp-caption alignnone\"><a href=\"https:\/\/www.sjanocpi.fr\/burkina\/wp-content\/uploads\/2012\/12\/aIMG_0449.jpg\"><img aria-describedby=\"caption-attachment-37\" decoding=\"async\" loading=\"lazy\" class=\"size-large wp-image-37\" title=\"Monique rigole en mangeant\" src=\"https:\/\/www.sjanocpi.fr\/burkina\/wp-content\/uploads\/2012\/12\/aIMG_0449-1024x768.jpg\" alt=\"Monique rigole en mangeant\" width=\"584\" height=\"438\" srcset=\"https:\/\/www.sjanocpi.fr\/burkina\/wp-content\/uploads\/2012\/12\/aIMG_0449-1024x768.jpg 1024w, https:\/\/www.sjanocpi.fr\/burkina\/wp-content\/uploads\/2012\/12\/aIMG_0449-300x225.jpg 300w, https:\/\/www.sjanocpi.fr\/burkina\/wp-content\/uploads\/2012\/12\/aIMG_0449-400x300.jpg 400w, https:\/\/www.sjanocpi.fr\/burkina\/wp-content\/uploads\/2012\/12\/aIMG_0449.jpg 1632w\" sizes=\"(max-width: 584px) 100vw, 584px\" \/><\/a><p id=\"caption-attachment-37\" class=\"wp-caption-text\">Monique rigole en mangeant<\/p><\/div>\n<p>Nous allons aux ruines de Loropeni qui datent azu moins du 11eme si\u00e8cle et qui restent tr\u00e8s myst\u00e9rieuses encore, une seul campagne de fouilles de 50 jours ayant \u00e9t\u00e9 organis\u00e9e pour l&rsquo;heure. Elles sont class\u00e9es au patrimoine mondial de l&rsquo;UNESCO. La guide est tr\u00e8s efficace et sympathique.<\/p>\n<div id=\"attachment_35\" style=\"width: 594px\" class=\"wp-caption alignnone\"><a href=\"https:\/\/www.sjanocpi.fr\/burkina\/wp-content\/uploads\/2012\/12\/a-IMG_0447.jpg\"><img aria-describedby=\"caption-attachment-35\" decoding=\"async\" loading=\"lazy\" class=\" wp-image-35\" title=\"Aux ruines de Loropeni\" src=\"https:\/\/www.sjanocpi.fr\/burkina\/wp-content\/uploads\/2012\/12\/a-IMG_0447-1024x768.jpg\" alt=\"Aux ruines de Loropeni\" width=\"584\" height=\"438\" srcset=\"https:\/\/www.sjanocpi.fr\/burkina\/wp-content\/uploads\/2012\/12\/a-IMG_0447-1024x768.jpg 1024w, https:\/\/www.sjanocpi.fr\/burkina\/wp-content\/uploads\/2012\/12\/a-IMG_0447-300x225.jpg 300w, https:\/\/www.sjanocpi.fr\/burkina\/wp-content\/uploads\/2012\/12\/a-IMG_0447-400x300.jpg 400w, https:\/\/www.sjanocpi.fr\/burkina\/wp-content\/uploads\/2012\/12\/a-IMG_0447.jpg 1632w\" sizes=\"(max-width: 584px) 100vw, 584px\" \/><\/a><p id=\"caption-attachment-35\" class=\"wp-caption-text\">Aux ruines de Loropeni<\/p><\/div>\n<p>Il est environ 6heures du matin, l&rsquo;heure normale pour se lever, je vais faire une petite promenade autour de la chambre avant le petit dej et je tombe nez \u00e0 nez avec les 2 gamins qui ne parlent pas un mot de fran\u00e7ais mais qui rigolent en me voyant, ce sont soit des Ghans soit des Djoulas, en tous cas je ne pige rien \u00e0 ce qu&rsquo;ils disent, je leur demande si je peux faire une photo par geste et ils acquiescent. La temp\u00e9rature est d&rsquo;environ 15\u00b0 au matin \u00e0 Loropeni, ce qui ici est tr\u00e8s froid.<\/p>\n<p>&nbsp;<\/p>\n<div id=\"attachment_39\" style=\"width: 594px\" class=\"wp-caption alignnone\"><a href=\"https:\/\/www.sjanocpi.fr\/burkina\/wp-content\/uploads\/2012\/12\/aIMG_0398.jpg\"><img aria-describedby=\"caption-attachment-39\" decoding=\"async\" loading=\"lazy\" class=\"size-large wp-image-39\" title=\"Rencontre fortuite au petit matin\" src=\"https:\/\/www.sjanocpi.fr\/burkina\/wp-content\/uploads\/2012\/12\/aIMG_0398-1024x768.jpg\" alt=\"Rencontre fortuite au petit matin\" width=\"584\" height=\"438\" srcset=\"https:\/\/www.sjanocpi.fr\/burkina\/wp-content\/uploads\/2012\/12\/aIMG_0398-1024x768.jpg 1024w, https:\/\/www.sjanocpi.fr\/burkina\/wp-content\/uploads\/2012\/12\/aIMG_0398-300x225.jpg 300w, https:\/\/www.sjanocpi.fr\/burkina\/wp-content\/uploads\/2012\/12\/aIMG_0398-400x300.jpg 400w\" sizes=\"(max-width: 584px) 100vw, 584px\" \/><\/a><p id=\"caption-attachment-39\" class=\"wp-caption-text\">Rencontre fortuite au petit matin<\/p><\/div>\n<p>&nbsp;<\/p>\n<p>&nbsp;<\/p>\n<p>&nbsp;<\/p>\n","protected":false},"excerpt":{"rendered":"<p>Loropeni sur google maps La route Ouagadougou Loropeni est relativement bonne mise \u00e0 part une portion avec quelques nids de poule qu&rsquo;on pourrait nommer nids d&rsquo;autruches parfois. Une fois pass\u00e9e la ville de Gaoua quelques menus travaux am\u00e9liorent la route, &hellip; <a href=\"https:\/\/www.sjanocpi.fr\/burkina\/?page_id=34\">Continuer la lecture <span class=\"meta-nav\">&rarr;<\/span><\/a><\/p>\n","protected":false},"author":1,"featured_media":0,"parent":0,"menu_order":0,"comment_status":"closed","ping_status":"closed","template":"","meta":{"footnotes":""},"_links":{"self":[{"href":"https:\/\/www.sjanocpi.fr\/burkina\/index.php?rest_route=\/wp\/v2\/pages\/34"}],"collection":[{"href":"https:\/\/www.sjanocpi.fr\/burkina\/index.php?rest_route=\/wp\/v2\/pages"}],"about":[{"href":"https:\/\/www.sjanocpi.fr\/burkina\/index.php?rest_route=\/wp\/v2\/types\/page"}],"author":[{"embeddable":true,"href":"https:\/\/www.sjanocpi.fr\/burkina\/index.php?rest_route=\/wp\/v2\/users\/1"}],"replies":[{"embeddable":true,"href":"https:\/\/www.sjanocpi.fr\/burkina\/index.php?rest_route=%2Fwp%2Fv2%2Fcomments&post=34"}],"version-history":[{"count":3,"href":"https:\/\/www.sjanocpi.fr\/burkina\/index.php?rest_route=\/wp\/v2\/pages\/34\/revisions"}],"predecessor-version":[{"id":44,"href":"https:\/\/www.sjanocpi.fr\/burkina\/index.php?rest_route=\/wp\/v2\/pages\/34\/revisions\/44"}],"wp:attachment":[{"href":"https:\/\/www.sjanocpi.fr\/burkina\/index.php?rest_route=%2Fwp%2Fv2%2Fmedia&parent=34"}],"curies":[{"name":"wp","href":"https:\/\/api.w.org\/{rel}","templated":true}]}}