{"id":235,"date":"2013-01-16T10:27:08","date_gmt":"2013-01-16T09:27:08","guid":{"rendered":"http:\/\/www.sjanocpi.fr\/burkina\/?page_id=235"},"modified":"2013-01-16T10:34:40","modified_gmt":"2013-01-16T09:34:40","slug":"photo-de-famille","status":"publish","type":"page","link":"https:\/\/www.sjanocpi.fr\/burkina\/?page_id=235","title":{"rendered":"Photo de famille"},"content":{"rendered":"<p>La famille au complet<\/p>\n<div id=\"attachment_243\" style=\"width: 594px\" class=\"wp-caption alignnone\"><a href=\"https:\/\/www.sjanocpi.fr\/burkina\/wp-content\/uploads\/2013\/01\/IMG_08231.jpg\"><img aria-describedby=\"caption-attachment-243\" decoding=\"async\" loading=\"lazy\" class=\"size-large wp-image-243\" title=\"La famille\" src=\"https:\/\/www.sjanocpi.fr\/burkina\/wp-content\/uploads\/2013\/01\/IMG_08231-1024x768.jpg\" alt=\"La famille\" width=\"584\" height=\"438\" srcset=\"https:\/\/www.sjanocpi.fr\/burkina\/wp-content\/uploads\/2013\/01\/IMG_08231-1024x768.jpg 1024w, https:\/\/www.sjanocpi.fr\/burkina\/wp-content\/uploads\/2013\/01\/IMG_08231-300x225.jpg 300w, https:\/\/www.sjanocpi.fr\/burkina\/wp-content\/uploads\/2013\/01\/IMG_08231-400x300.jpg 400w, https:\/\/www.sjanocpi.fr\/burkina\/wp-content\/uploads\/2013\/01\/IMG_08231.jpg 1632w\" sizes=\"(max-width: 584px) 100vw, 584px\" \/><\/a><p id=\"caption-attachment-243\" class=\"wp-caption-text\">La famille<\/p><\/div>\n<p>De gauche \u00e0 droite<br \/>\nSolange, Ad\u00e9, Alphonse, Prudence, El Shada\u00ef dans les bras de Ino, Martine,<br \/>\nLes enfants : Yann, Samira, Clovis, Yol\u00e8ne.<\/p>\n<p>&nbsp;<\/p>\n","protected":false},"excerpt":{"rendered":"<p>La famille au complet De gauche \u00e0 droite Solange, Ad\u00e9, Alphonse, Prudence, El Shada\u00ef dans les bras de Ino, Martine, Les enfants : Yann, Samira, Clovis, Yol\u00e8ne. &nbsp;<\/p>\n","protected":false},"author":1,"featured_media":0,"parent":0,"menu_order":0,"comment_status":"closed","ping_status":"closed","template":"","meta":{"footnotes":""},"_links":{"self":[{"href":"https:\/\/www.sjanocpi.fr\/burkina\/index.php?rest_route=\/wp\/v2\/pages\/235"}],"collection":[{"href":"https:\/\/www.sjanocpi.fr\/burkina\/index.php?rest_route=\/wp\/v2\/pages"}],"about":[{"href":"https:\/\/www.sjanocpi.fr\/burkina\/index.php?rest_route=\/wp\/v2\/types\/page"}],"author":[{"embeddable":true,"href":"https:\/\/www.sjanocpi.fr\/burkina\/index.php?rest_route=\/wp\/v2\/users\/1"}],"replies":[{"embeddable":true,"href":"https:\/\/www.sjanocpi.fr\/burkina\/index.php?rest_route=%2Fwp%2Fv2%2Fcomments&post=235"}],"version-history":[{"count":9,"href":"https:\/\/www.sjanocpi.fr\/burkina\/index.php?rest_route=\/wp\/v2\/pages\/235\/revisions"}],"predecessor-version":[{"id":241,"href":"https:\/\/www.sjanocpi.fr\/burkina\/index.php?rest_route=\/wp\/v2\/pages\/235\/revisions\/241"}],"wp:attachment":[{"href":"https:\/\/www.sjanocpi.fr\/burkina\/index.php?rest_route=%2Fwp%2Fv2%2Fmedia&parent=235"}],"curies":[{"name":"wp","href":"https:\/\/api.w.org\/{rel}","templated":true}]}}