{"id":181,"date":"2013-01-15T13:36:26","date_gmt":"2013-01-15T12:36:26","guid":{"rendered":"http:\/\/www.sjanocpi.fr\/burkina\/?page_id=181"},"modified":"2013-01-18T13:07:17","modified_gmt":"2013-01-18T12:07:17","slug":"petit-lexique-de-more","status":"publish","type":"page","link":"https:\/\/www.sjanocpi.fr\/burkina\/?page_id=181","title":{"rendered":"Petit lexique de Mor\u00e9"},"content":{"rendered":"<p>Ce petit lexique est issu des notes prises durant le s\u00e9jour au Faso.<\/p>\n<div id=\"attachment_206\" style=\"width: 310px\" class=\"wp-caption alignnone\"><a href=\"https:\/\/www.sjanocpi.fr\/burkina\/wp-content\/uploads\/2013\/01\/IMG_0533.jpg\"><img aria-describedby=\"caption-attachment-206\" decoding=\"async\" loading=\"lazy\" class=\"size-medium wp-image-206 \" title=\"La cour un jour de lessive\" src=\"https:\/\/www.sjanocpi.fr\/burkina\/wp-content\/uploads\/2013\/01\/IMG_0533-300x225.jpg\" alt=\"La cour un jour de lessive\" width=\"300\" height=\"225\" srcset=\"https:\/\/www.sjanocpi.fr\/burkina\/wp-content\/uploads\/2013\/01\/IMG_0533-300x225.jpg 300w, https:\/\/www.sjanocpi.fr\/burkina\/wp-content\/uploads\/2013\/01\/IMG_0533-1024x767.jpg 1024w, https:\/\/www.sjanocpi.fr\/burkina\/wp-content\/uploads\/2013\/01\/IMG_0533-400x300.jpg 400w, https:\/\/www.sjanocpi.fr\/burkina\/wp-content\/uploads\/2013\/01\/IMG_0533.jpg 1700w\" sizes=\"(max-width: 300px) 100vw, 300px\" \/><\/a><p id=\"caption-attachment-206\" class=\"wp-caption-text\">La cour un jour de lessive avec effet de bord par l&rsquo;appareil photo<\/p><\/div>\n<p><em>Notes : les <span style=\"text-decoration: underline;\">w<\/span> au d\u00e9but des mots se lisent comme le son wh en anglais (what par exemple)<\/em><br \/>\n<em>Les apostrophes indiquent une nasale rattach\u00e9e (N&rsquo;gh\u00e9 pourrait se lire Nnngu\u00e9)<\/em><br \/>\n<em>Les doubles lettres ou les doubles <span style=\"text-decoration: underline;\">ou<\/span> sont des sons longs<\/em> <em>sauf pour les <span style=\"text-decoration: underline;\">rr<\/span> qui indiquent un r roul\u00e9 \u00e0 l&rsquo;espagnol<\/em>.<em> Les H en d\u00e9but de mot sont des H aspir\u00e9s comme en allemand<\/em>.<br \/>\n<em>Les <span style=\"text-decoration: underline;\">un<\/span> et <span style=\"text-decoration: underline;\">oins<\/span> sont les nasales fran\u00e7aises comme dans le pronom <span style=\"text-decoration: underline;\">un<\/span> ou dans le mot <span style=\"text-decoration: underline;\">loin<\/span><\/em>,<br \/>\n<em><span style=\"text-decoration: underline;\">woin<\/span> aurait pu s&rsquo;\u00e9crire <span style=\"text-decoration: underline;\">ouin<\/span> mais le <span style=\"text-decoration: underline;\">ou<\/span> me semblait trop fort par rapport au <span style=\"text-decoration: underline;\">w<\/span> anglais<\/em><br \/>\n<em>les <span style=\"text-decoration: underline;\">ou<\/span> sont \u00e9galement prononc\u00e9s \u00e0 la fran\u00e7aise<\/em>.<\/p>\n<p><strong>Les salutations<\/strong><br \/>\nN\u00e9\u00e9 ib\u00e9go : Bonjour le matin<br \/>\nN\u00e9\u00e9 ouiniga : Bonjour le midi<br \/>\nN\u00e9\u00e9 izabr\u00e9 : Bonjour l&rsquo;apr\u00e8s-midi<br \/>\nN\u00e9\u00e9 ioungo : Bonjour la nuit<br \/>\nY\u00e9\u00e9la : Bienvenue<br \/>\nYamm s\u00e9\u00e9 : Bonne arriv\u00e9e<\/p>\n<div id=\"attachment_228\" style=\"width: 310px\" class=\"wp-caption alignnone\"><a href=\"https:\/\/www.sjanocpi.fr\/burkina\/wp-content\/uploads\/2013\/01\/IMG_0186.jpg\"><img aria-describedby=\"caption-attachment-228\" decoding=\"async\" loading=\"lazy\" class=\"size-medium wp-image-228\" title=\"En ville en taxi\" src=\"https:\/\/www.sjanocpi.fr\/burkina\/wp-content\/uploads\/2013\/01\/IMG_0186-300x224.jpg\" alt=\"En ville en taxi\" width=\"300\" height=\"224\" srcset=\"https:\/\/www.sjanocpi.fr\/burkina\/wp-content\/uploads\/2013\/01\/IMG_0186-300x224.jpg 300w, https:\/\/www.sjanocpi.fr\/burkina\/wp-content\/uploads\/2013\/01\/IMG_0186-1024x767.jpg 1024w, https:\/\/www.sjanocpi.fr\/burkina\/wp-content\/uploads\/2013\/01\/IMG_0186-400x300.jpg 400w, https:\/\/www.sjanocpi.fr\/burkina\/wp-content\/uploads\/2013\/01\/IMG_0186.jpg 1306w\" sizes=\"(max-width: 300px) 100vw, 300px\" \/><\/a><p id=\"caption-attachment-228\" class=\"wp-caption-text\">En ville en taxi<\/p><\/div>\n<p>Zam\u00e9 : Hier<br \/>\nRounda : Aujourd&rsquo;hui<br \/>\nB\u00e9ggo : Demain<\/p>\n<p>Barraka : Merci<br \/>\nAmina : Merci<br \/>\nN&rsquo;gh\u00e9 : Oui<br \/>\nAyo :\u00a0 Non<br \/>\nBilifou : Doucement<br \/>\nBilifou Bilifou : Petit \u00e0 petit<br \/>\nWouss&rsquo;ogo : Beaucoup<br \/>\nYel kab\u00e9 : Pas de probl\u00e8me<br \/>\nKab\u00e9 y\u00e9\u00e9 : Il n&rsquo;y en a pas<\/p>\n<p><strong>\u00c0 table<\/strong><br \/>\nMam datta dim\u00e9 : Je veux manger<br \/>\nWati dibbo : Vous \u00eates invit\u00e9 (phrase rituelle quand on commence \u00e0 manger)<br \/>\nWend na yik laaffi : L\u00e8ves toi en bonne sant\u00e9 (r\u00e9ponse de celui qui est invit\u00e9)<br \/>\nNougga noo mamm\u00e9 : \u00c7a sent bon<br \/>\nK\u00f4 momm tarrama : J&rsquo;ai faim<br \/>\nYaa n\u00f4goo : C&rsquo;est bon (nourriture)<br \/>\nKasomma y\u00e9 : Ce n&rsquo;est pas bon<br \/>\nNa youm : Je bois<br \/>\nK\u00f4m ko\u00f4m : Donne moi de l&rsquo;eau<br \/>\nK\u00f4m ko\u00f4m toumiou\u00a0 : Donne moi de l&rsquo;eau \u00e0 boire<br \/>\nP\u00eak\u00e9\u00e9 : Laver la vaisselle<br \/>\nFo p\u00eakkeda lass\u00e9 : Tu fais la vaisselle. Litt\u00e9ralement, tu laves les plats<\/p>\n<div id=\"attachment_227\" style=\"width: 310px\" class=\"wp-caption alignnone\"><a href=\"https:\/\/www.sjanocpi.fr\/burkina\/wp-content\/uploads\/2013\/01\/IMG_0306.jpg\"><img aria-describedby=\"caption-attachment-227\" decoding=\"async\" loading=\"lazy\" class=\"size-medium wp-image-227\" title=\"La batteuse de Foutou de chez tantie\" src=\"https:\/\/www.sjanocpi.fr\/burkina\/wp-content\/uploads\/2013\/01\/IMG_0306-300x147.jpg\" alt=\"La batteuse de Foutou de chez tantie\" width=\"300\" height=\"147\" srcset=\"https:\/\/www.sjanocpi.fr\/burkina\/wp-content\/uploads\/2013\/01\/IMG_0306-300x147.jpg 300w, https:\/\/www.sjanocpi.fr\/burkina\/wp-content\/uploads\/2013\/01\/IMG_0306-1024x503.jpg 1024w, https:\/\/www.sjanocpi.fr\/burkina\/wp-content\/uploads\/2013\/01\/IMG_0306-500x245.jpg 500w, https:\/\/www.sjanocpi.fr\/burkina\/wp-content\/uploads\/2013\/01\/IMG_0306.jpg 1992w\" sizes=\"(max-width: 300px) 100vw, 300px\" \/><\/a><p id=\"caption-attachment-227\" class=\"wp-caption-text\">La batteuse de Foutou de chez tantie<\/p><\/div>\n<p>S\u00f4o k\u00f4om : Se laver (Pour un humain)<br \/>\nNii\u00e9ss\u00e9 : Essuyer, laver le sol<\/p>\n<p><strong>Les gens<\/strong><br \/>\nMam : Moi<br \/>\nFoo : Toi<br \/>\nNia- oin : Il, lui<br \/>\nAdda : Il, lui<br \/>\nNissablagga : L&rsquo;humain noir<br \/>\nBissablagga : L&rsquo;enfant noir<br \/>\nK\u00f4msabless\u00e9 : Les enfants noirs<br \/>\nPossablagga : La femme noire<br \/>\nRossablagga : L&rsquo;homme noir<br \/>\nPouakka : La femme<br \/>\nRhoggo : L&rsquo;homme<br \/>\nBiigga : L&rsquo;enfant<\/p>\n<div id=\"attachment_221\" style=\"width: 310px\" class=\"wp-caption alignnone\"><a href=\"https:\/\/www.sjanocpi.fr\/burkina\/wp-content\/uploads\/2013\/01\/IMG_0399.jpg\"><img aria-describedby=\"caption-attachment-221\" decoding=\"async\" loading=\"lazy\" class=\"size-medium wp-image-221\" title=\"Paysage matinal \u00e0 Loropeni\" src=\"https:\/\/www.sjanocpi.fr\/burkina\/wp-content\/uploads\/2013\/01\/IMG_0399-300x224.jpg\" alt=\"Paysage matinal \u00e0 Loropeni\" width=\"300\" height=\"224\" srcset=\"https:\/\/www.sjanocpi.fr\/burkina\/wp-content\/uploads\/2013\/01\/IMG_0399-300x224.jpg 300w, https:\/\/www.sjanocpi.fr\/burkina\/wp-content\/uploads\/2013\/01\/IMG_0399-1024x767.jpg 1024w, https:\/\/www.sjanocpi.fr\/burkina\/wp-content\/uploads\/2013\/01\/IMG_0399-400x300.jpg 400w, https:\/\/www.sjanocpi.fr\/burkina\/wp-content\/uploads\/2013\/01\/IMG_0399.jpg 1843w\" sizes=\"(max-width: 300px) 100vw, 300px\" \/><\/a><p id=\"caption-attachment-221\" class=\"wp-caption-text\">Paysage matinal \u00e0 Loropeni<\/p><\/div>\n<p><strong>Phrases toutes faites<\/strong><br \/>\nYaa s\u00f4ma : C&rsquo;est bien, bon<br \/>\nYaa w\u00f4to : C&rsquo;est ainsi<br \/>\nYaa s\u00f4ma w\u00f4to : C&rsquo;est bien ainsi, c&rsquo;est bien comme \u00e7a<br \/>\nYaa t\u00f4oggo : C&rsquo;est difficile<br \/>\nKa soma\u00e9 : C&rsquo;est mal, c&rsquo;est mauvais<\/p>\n<p>Ya n\u00e9\u00e9r\u00e9 : C&rsquo;est joli, beau<br \/>\nKann ni i\u00e9\u00e9r\u00e9 : Ce n&rsquo;est pas joli<\/p>\n<p>Tch\u00eangu\u00e9 : Va-t&rsquo;en<br \/>\nWaka : Viens<\/p>\n<p>Datta m\u00e9 : Je veux<\/p>\n<p>Fo you laboin : Comment tu t&rsquo;appelles?<br \/>\nNamm youla Steph : Je m&rsquo;appelle Steph<br \/>\nFo you ma? : Quel age as-tu?<br \/>\nMam paoumi\u00e9 : Je ne comprends pas<br \/>\nMam woumamm : J&rsquo;ai compris<br \/>\nFo wou mamm\u00e9? : Tu as compris?<br \/>\nPamii\u00e9 : Je ne sais pas<br \/>\nM&rsquo;im\u00e9 : Je sais<\/p>\n<p>Data pemmsomm : Je veux de l&rsquo;air<br \/>\nL\u00e0 ki-un : \u00c9cartez-vous<br \/>\nKwa\u00ef kab\u00e9 : Ce n&rsquo;est pas grave<br \/>\nNann z\u00eam sammbi? \u00c7a va aller?<br \/>\nN\u00e2mm z\u00eamm sam : \u00c7a va.<\/p>\n<p>Forrabada y\u00e9? : Ou vas-tu?<br \/>\nRabada Yaar\u00e9* : Je vais au march\u00e9*<br \/>\nMa iita y\u00eann&rsquo;ga : Je sors<br \/>\nPaggam\u00ea :\u00a0 C&rsquo;est ferm\u00e9<\/p>\n<div id=\"attachment_230\" style=\"width: 310px\" class=\"wp-caption alignnone\"><a href=\"https:\/\/www.sjanocpi.fr\/burkina\/wp-content\/uploads\/2013\/01\/IMG_0190.jpg\"><img aria-describedby=\"caption-attachment-230\" decoding=\"async\" loading=\"lazy\" class=\"size-medium wp-image-230\" title=\"Au rond-point de la patte d'oie\" src=\"https:\/\/www.sjanocpi.fr\/burkina\/wp-content\/uploads\/2013\/01\/IMG_0190-300x224.jpg\" alt=\"Au rond-point de la patte d'oie\" width=\"300\" height=\"224\" srcset=\"https:\/\/www.sjanocpi.fr\/burkina\/wp-content\/uploads\/2013\/01\/IMG_0190-300x224.jpg 300w, https:\/\/www.sjanocpi.fr\/burkina\/wp-content\/uploads\/2013\/01\/IMG_0190-1024x767.jpg 1024w, https:\/\/www.sjanocpi.fr\/burkina\/wp-content\/uploads\/2013\/01\/IMG_0190-400x300.jpg 400w, https:\/\/www.sjanocpi.fr\/burkina\/wp-content\/uploads\/2013\/01\/IMG_0190.jpg 1306w\" sizes=\"(max-width: 300px) 100vw, 300px\" \/><\/a><p id=\"caption-attachment-230\" class=\"wp-caption-text\">Au rond-point de la patte d&rsquo;oie<\/p><\/div>\n<p>Fo y ta y\u00e9\u00e9n\u00e9 : D&rsquo;ou viens-tu? (pays)<br \/>\nMam iita France : Je viens de France<\/p>\n<p>Ab\u00e9 zack&rsquo;un : Il est chez lui<br \/>\nAb\u00e9 pogg&rsquo;un: Il est \u00e0 l&rsquo;int\u00e9rieur<\/p>\n<p>Fo ii y\u00e9n\u00e9? : Ou \u00e9tais-tu?<br \/>\nMam ii Ouaga : J&rsquo;\u00e9tais \u00e0 Ouaga<br \/>\nMam tii s\u00f4oko : Je me lavais.<\/p>\n<p>Mam y\u00eamm\u00e9: Je suis fatigu\u00e9<br \/>\nMam pas y\u00eay\u00e9 : Je ne suis pas fatigu\u00e9<br \/>\nMam sourri kanomi\u00e9 : Je suis triste ou je ne suis pas content<\/p>\n<p>Ya y\u00ea&rsquo;mbr\u00e9 : C&rsquo;est le m\u00eame<br \/>\nKa y\u00e9 :\u00a0 Ce n&rsquo;est pas le m\u00eame<\/p>\n<p>Moteur\u00e9 ya n\u00ea&rsquo;ggado : La moto est sale<\/p>\n<div id=\"attachment_232\" style=\"width: 310px\" class=\"wp-caption alignnone\"><a href=\"https:\/\/www.sjanocpi.fr\/burkina\/wp-content\/uploads\/2013\/01\/IMG_0652.jpg\"><img aria-describedby=\"caption-attachment-232\" decoding=\"async\" loading=\"lazy\" class=\"size-medium wp-image-232\" title=\"Recyclage\" src=\"https:\/\/www.sjanocpi.fr\/burkina\/wp-content\/uploads\/2013\/01\/IMG_0652-300x224.jpg\" alt=\"Recyclage\" width=\"300\" height=\"224\" srcset=\"https:\/\/www.sjanocpi.fr\/burkina\/wp-content\/uploads\/2013\/01\/IMG_0652-300x224.jpg 300w, https:\/\/www.sjanocpi.fr\/burkina\/wp-content\/uploads\/2013\/01\/IMG_0652-1024x767.jpg 1024w, https:\/\/www.sjanocpi.fr\/burkina\/wp-content\/uploads\/2013\/01\/IMG_0652-400x300.jpg 400w, https:\/\/www.sjanocpi.fr\/burkina\/wp-content\/uploads\/2013\/01\/IMG_0652.jpg 1306w\" sizes=\"(max-width: 300px) 100vw, 300px\" \/><\/a><p id=\"caption-attachment-232\" class=\"wp-caption-text\">Recyclage<\/p><\/div>\n<p>Ouagadrr\u00e9 : Voleur<br \/>\nOuagad&rsquo; pouaka : Voleuse<\/p>\n<p>Komma : Donne moi<br \/>\nSiggui : Descend<br \/>\nBassa si : Laisse le tranquille<br \/>\nBass&rsquo;mam&rsquo; si : Laisse moi tranquille<br \/>\nRamma ni\u00e9 : Ne fais-pas \u00e7a<br \/>\nParra ti\u00e9 : Je ne veux pas<br \/>\nBaha bollogga : Tais-toi<br \/>\nBassi bollogga : Taisez-vous<\/p>\n<p>Ka&rsquo;wo&rsquo;to&rsquo;y\u00e9 : Ce n&rsquo;est pas vrai <em>ou<\/em><br \/>\nYaa zourri : Ce n&rsquo;est pas vrai <em><\/em><\/p>\n<p>Mam touma ya wouss&rsquo;ogo : J&rsquo;ai beaucoup de travail \u00e0 faire<br \/>\nMam touma wouss&rsquo;ogo : J&rsquo;ai beaucoup travaill\u00e9<br \/>\nMam titouma wouss&rsquo;ogo cyber : J&rsquo;ai beaucoup travaill\u00e9 au cyber<\/p>\n<p>Fo p\u00eakkeda foutou : Tu fais la lessive. Litt\u00e9ralement, tu laves les habits<\/p>\n<div id=\"attachment_223\" style=\"width: 310px\" class=\"wp-caption alignnone\"><a href=\"https:\/\/www.sjanocpi.fr\/burkina\/wp-content\/uploads\/2013\/01\/IMG_0407.jpg\"><img aria-describedby=\"caption-attachment-223\" decoding=\"async\" loading=\"lazy\" class=\"size-medium wp-image-223\" title=\"Les cases au village \u00e0 cot\u00e9 de Loropeni\" src=\"https:\/\/www.sjanocpi.fr\/burkina\/wp-content\/uploads\/2013\/01\/IMG_0407-300x224.jpg\" alt=\"Les cases au village \u00e0 cot\u00e9 de Loropeni\" width=\"300\" height=\"224\" srcset=\"https:\/\/www.sjanocpi.fr\/burkina\/wp-content\/uploads\/2013\/01\/IMG_0407-300x224.jpg 300w, https:\/\/www.sjanocpi.fr\/burkina\/wp-content\/uploads\/2013\/01\/IMG_0407-1024x767.jpg 1024w, https:\/\/www.sjanocpi.fr\/burkina\/wp-content\/uploads\/2013\/01\/IMG_0407-400x300.jpg 400w, https:\/\/www.sjanocpi.fr\/burkina\/wp-content\/uploads\/2013\/01\/IMG_0407.jpg 1843w\" sizes=\"(max-width: 300px) 100vw, 300px\" \/><\/a><p id=\"caption-attachment-223\" class=\"wp-caption-text\">Les cases au village \u00e0 cot\u00e9 de Loropeni<\/p><\/div>\n<p>Wa gamm\u00e9 : C&rsquo;est cass\u00e9<br \/>\nKa woin-ni\u00e9 : Ce n&rsquo;est pas cass\u00e9<br \/>\nSaa&rsquo; mamm\u00e9 : C&rsquo;est g\u00e2t\u00e9, (dans le sens c&rsquo;est abim\u00e9, c&rsquo;est en panne)<\/p>\n<p>Mam sou&rsquo;ra no&rsquo;mamm\u00e9 : Je suis content<br \/>\nMam sou&rsquo;ra kanomi\u00e9 : Je ne suis pas content<\/p>\n<p>Ya w\u00f4ddo : Il fait froid<br \/>\nYa toul&rsquo;go : Il fait chaud<br \/>\nYa toul&rsquo;ga : C&rsquo;est chaud<br \/>\nYa mainss&rsquo;ga : C&rsquo;est glac\u00e9<br \/>\nKanni ya toul&rsquo;go : Ici il fait chaud<\/p>\n<p>Mam youm\u00e9 rammouaga : Je bois du rammouaga<br \/>\nSteph nonnga\u00a0rammouaga : Steph aime le rammouaga<\/p>\n<p>Tchi&rsquo;un : Je rentre<br \/>\nTchi&rsquo;un vouss\u00e9 : Je rentre faire la sieste<br \/>\nSteph gou&rsquo;un m\u00e9 : Steph dort<\/p>\n<p>Gu\u00e9ss\u00e9 : Regarde<br \/>\nGu\u00e9ss\u00e9 wotto : Regarde ici<\/p>\n<p>Bobby ya yaleumma : Bobby est b\u00eate<br \/>\nFo ka yaleumma : Tu n&rsquo;es pas b\u00eate<br \/>\nYalamm&rsquo;s\u00e9 : B\u00eates (pluriel)<\/p>\n<p>Ya boin? : C&rsquo;est quoi? il y a quoi?<br \/>\nYa boin tiffo mann woto? : Pourquoi fais-tu \u00e7a?<\/p>\n<div id=\"attachment_225\" style=\"width: 310px\" class=\"wp-caption alignnone\"><a href=\"https:\/\/www.sjanocpi.fr\/burkina\/wp-content\/uploads\/2013\/01\/IMG_0239.jpg\"><img aria-describedby=\"caption-attachment-225\" decoding=\"async\" loading=\"lazy\" class=\"size-medium wp-image-225\" title=\"Solange, cuisini\u00e8re du matin songeuse\" src=\"https:\/\/www.sjanocpi.fr\/burkina\/wp-content\/uploads\/2013\/01\/IMG_0239-300x224.jpg\" alt=\"Solange, cuisini\u00e8re du matin songeuse\" width=\"300\" height=\"224\" srcset=\"https:\/\/www.sjanocpi.fr\/burkina\/wp-content\/uploads\/2013\/01\/IMG_0239-300x224.jpg 300w, https:\/\/www.sjanocpi.fr\/burkina\/wp-content\/uploads\/2013\/01\/IMG_0239-1024x767.jpg 1024w, https:\/\/www.sjanocpi.fr\/burkina\/wp-content\/uploads\/2013\/01\/IMG_0239-400x300.jpg 400w, https:\/\/www.sjanocpi.fr\/burkina\/wp-content\/uploads\/2013\/01\/IMG_0239.jpg 1306w\" sizes=\"(max-width: 300px) 100vw, 300px\" \/><\/a><p id=\"caption-attachment-225\" class=\"wp-caption-text\">Solange, cuisini\u00e8re du matin songeuse<\/p><\/div>\n<p><strong>Divers<\/strong><br \/>\nWougoussougou : La poussi\u00e8re<br \/>\nWall\u00e9 : La colombe<br \/>\nBahirri : Le village<br \/>\nNoahga : Le poulet<br \/>\nNoubil&rsquo;a : Le poussin<br \/>\nGu\u00ea&rsquo;nga : Le fou<br \/>\nZima : Poisson<br \/>\nZim souppou : Soupe de poisson<br \/>\nRrouko : la marmitte<br \/>\nPoussouka : La moiti\u00e9<br \/>\nMa zakramba poussouka iita France : La moiti\u00e9 de ma famille vient de France<br \/>\nZou&rsquo;gga : Les tresses<br \/>\nSteph palma zou&rsquo;gga : Steph a fait des tresses<br \/>\nPo&rsquo;n\u00e9\u00e9r\u00e9 : La belle femme<br \/>\nFo ya n\u00e9\u00e9r\u00e9 : Tu es belle<br \/>\nFo ya rassanga : Tu es beau<br \/>\nA yerk daam : Il a peur<br \/>\nBass\u00e9 : je laisse, tu laisses<br \/>\nnaka ta Yi\u00e9\u00e9 : Pas encore<\/p>\n<p><strong>Couleurs<\/strong><br \/>\nP\u00e8llegga : Blanc<br \/>\nMiouggou : Rouge<br \/>\nSablaaga : Noir<br \/>\nKiigga : Vert<br \/>\nGuissiga p\u00e8llegga : Le fil blanc<br \/>\nWougoussougou miouggou : La poussi\u00e8re rouge<br \/>\nNoah P\u00e8llegga : Le poulet blanc<\/p>\n<div id=\"attachment_224\" style=\"width: 310px\" class=\"wp-caption alignnone\"><a href=\"https:\/\/www.sjanocpi.fr\/burkina\/wp-content\/uploads\/2013\/01\/IMG_0240.jpg\"><img aria-describedby=\"caption-attachment-224\" decoding=\"async\" loading=\"lazy\" class=\"size-medium wp-image-224\" title=\"Ciel et cerisier africain\" src=\"https:\/\/www.sjanocpi.fr\/burkina\/wp-content\/uploads\/2013\/01\/IMG_0240-300x224.jpg\" alt=\"Ciel et cerisier africain\" width=\"300\" height=\"224\" srcset=\"https:\/\/www.sjanocpi.fr\/burkina\/wp-content\/uploads\/2013\/01\/IMG_0240-300x224.jpg 300w, https:\/\/www.sjanocpi.fr\/burkina\/wp-content\/uploads\/2013\/01\/IMG_0240-1024x767.jpg 1024w, https:\/\/www.sjanocpi.fr\/burkina\/wp-content\/uploads\/2013\/01\/IMG_0240-400x300.jpg 400w, https:\/\/www.sjanocpi.fr\/burkina\/wp-content\/uploads\/2013\/01\/IMG_0240.jpg 1306w\" sizes=\"(max-width: 300px) 100vw, 300px\" \/><\/a><p id=\"caption-attachment-224\" class=\"wp-caption-text\">Ciel et cerisier africain<\/p><\/div>\n<p><strong>Les sous<\/strong><br \/>\nLigg&rsquo;iddi : L&rsquo;argent<br \/>\nligg&rsquo;da ya kidd&rsquo;ga : Il y a peu d&rsquo;argent<br \/>\nLigg&rsquo;iddi ya wouss&rsquo;ogo :\u00a0 C&rsquo;est cher <em>ou<\/em><br \/>\nLigg&rsquo;iddi ya t\u00f4ogo :\u00a0 C&rsquo;est cher<br \/>\nBo no kab\u00e9y\u00e9 : Il n&rsquo;y a pas de monnaie<br \/>\nB\u00f4 noggo : Pi\u00e8ce de monnaie<br \/>\nNingg&rsquo;hi : Il faut ajouter<br \/>\nNannta fo Ligg&rsquo;iddi : \u00c7a va te co\u00fbter cher<br \/>\nMam data&rsquo;m dam\u00e9 : Je vais acheter<br \/>\nMam dam\u00e9 : J&rsquo;ai achet\u00e9<br \/>\nYa til&rsquo;ga :\u00a0 C&rsquo;est droit<\/p>\n<p><strong>Insultes<\/strong> <strong>l\u00e9g\u00e8res<\/strong><br \/>\nFo ni\u00e9-d&rsquo;ga : Ta bitte, ton derri\u00e8re<br \/>\nBa bila : Petit chien<\/p>\n<p><strong>Les jours de la semaine<\/strong><br \/>\nLundi : T\u00e9\u00e9n\u00e9<br \/>\nMardi : Arraba<br \/>\nMercredi : Tallato<br \/>\nJeudi : Lamoussa<br \/>\nVendredi : Arrzouma<br \/>\nSamedi : Sibiri<br \/>\nDimanche : Hato<\/p>\n<p><strong>Quelques chiffres<\/strong><br \/>\n1 : Y\u00e9mo<br \/>\n2 :\u00a0 Yibbo<br \/>\n3 : Taabo<br \/>\n4 : Naass\u00e9<br \/>\n5 : Nouou<br \/>\n6 : Yoob\u00e9<br \/>\n7 : Yoopou\u00e9<br \/>\n8 : Nii<br \/>\n9 : Ou\u00ea\u00ea<br \/>\n10 : Piiga<br \/>\n11 : Pila y\u00e9<br \/>\n12 : Pila yo<br \/>\n13 : Pila taa<br \/>\n14 : Pila naa<br \/>\n15 : Pila Nouou<br \/>\n16 : Pila Yoob\u00e9<br \/>\n17 : Pila Yoopou\u00e9<br \/>\n18 : Pila Nii<br \/>\n19 : Pila Ou\u00ea\u00ea<br \/>\n20 : Pissi, les unit\u00e9s se r\u00e9p\u00e8tent comme pour les dizaines mais avec le pr\u00e9fixe pissi<br \/>\n30 : Pista, les unit\u00e9s se r\u00e9p\u00e8tent comme pour les dizaines mais avec le pr\u00e9fixe pista<br \/>\n40 : Pinac\u00e9, les unit\u00e9s se r\u00e9p\u00e8tent comme pour les dizaines mais avec le pr\u00e9fixe Pinac\u00e9<br \/>\n50 : Pinnh, les unit\u00e9s se r\u00e9p\u00e8tent comme pour les dizaines mais avec le pr\u00e9fixe pinnh<\/p>\n<div id=\"attachment_208\" style=\"width: 310px\" class=\"wp-caption alignnone\"><a href=\"https:\/\/www.sjanocpi.fr\/burkina\/wp-content\/uploads\/2013\/01\/IMG_0505.jpg\"><img aria-describedby=\"caption-attachment-208\" decoding=\"async\" loading=\"lazy\" class=\"size-medium wp-image-208\" title=\"Vue de nuit depuis un maquis\" src=\"https:\/\/www.sjanocpi.fr\/burkina\/wp-content\/uploads\/2013\/01\/IMG_0505-300x224.jpg\" alt=\"Vue de nuit depuis un maquis\" width=\"300\" height=\"224\" srcset=\"https:\/\/www.sjanocpi.fr\/burkina\/wp-content\/uploads\/2013\/01\/IMG_0505-300x224.jpg 300w, https:\/\/www.sjanocpi.fr\/burkina\/wp-content\/uploads\/2013\/01\/IMG_0505-1024x767.jpg 1024w, https:\/\/www.sjanocpi.fr\/burkina\/wp-content\/uploads\/2013\/01\/IMG_0505-400x300.jpg 400w, https:\/\/www.sjanocpi.fr\/burkina\/wp-content\/uploads\/2013\/01\/IMG_0505.jpg 1306w\" sizes=\"(max-width: 300px) 100vw, 300px\" \/><\/a><p id=\"caption-attachment-208\" class=\"wp-caption-text\">Vue de nuit depuis un maquis<\/p><\/div>\n<p><strong>Expressions<\/strong><br \/>\nLa France au revoir : Vendu sans aucune garantie, par exemple : une moto vendue la France au revoir.<br \/>\nBien r\u00e9veill\u00e9? : La phrase matinale \u00e9quivalent de notre bien dormi?<br \/>\nJe vais aller et puis venir : Je vais faire ce que j&rsquo;ai \u00e0 faire et je reviens.<br \/>\nJe demande la route : Je vais y aller<br \/>\nBonne arriv\u00e9e : Bienvenu<br \/>\nIls vont te casser : Ils vont t\u2019arnaquer<br \/>\nDurer de voir : Pas vu depuis longtemps<br \/>\nEnceinter les filles : Pas besoin de traduction<br \/>\n\u00c7a vaut 2 ans qu&rsquo;il est venu : \u00c7a fait 2 ans qu&rsquo;il est venu<\/p>\n<p><strong>Humour<\/strong><br \/>\nFRANCE :\u00a0 <strong>F<\/strong>orce de <strong>R<\/strong>apatriement des <strong>A<\/strong>fricains <strong>N<\/strong>on <strong>C<\/strong>onnus par l&rsquo;<strong>E<\/strong>urope<\/p>\n","protected":false},"excerpt":{"rendered":"<p>Ce petit lexique est issu des notes prises durant le s\u00e9jour au Faso. Notes : les w au d\u00e9but des mots se lisent comme le son wh en anglais (what par exemple) Les apostrophes indiquent une nasale rattach\u00e9e (N&rsquo;gh\u00e9 pourrait &hellip; <a href=\"https:\/\/www.sjanocpi.fr\/burkina\/?page_id=181\">Continuer la lecture <span class=\"meta-nav\">&rarr;<\/span><\/a><\/p>\n","protected":false},"author":1,"featured_media":0,"parent":0,"menu_order":0,"comment_status":"closed","ping_status":"closed","template":"","meta":{"footnotes":""},"_links":{"self":[{"href":"https:\/\/www.sjanocpi.fr\/burkina\/index.php?rest_route=\/wp\/v2\/pages\/181"}],"collection":[{"href":"https:\/\/www.sjanocpi.fr\/burkina\/index.php?rest_route=\/wp\/v2\/pages"}],"about":[{"href":"https:\/\/www.sjanocpi.fr\/burkina\/index.php?rest_route=\/wp\/v2\/types\/page"}],"author":[{"embeddable":true,"href":"https:\/\/www.sjanocpi.fr\/burkina\/index.php?rest_route=\/wp\/v2\/users\/1"}],"replies":[{"embeddable":true,"href":"https:\/\/www.sjanocpi.fr\/burkina\/index.php?rest_route=%2Fwp%2Fv2%2Fcomments&post=181"}],"version-history":[{"count":44,"href":"https:\/\/www.sjanocpi.fr\/burkina\/index.php?rest_route=\/wp\/v2\/pages\/181\/revisions"}],"predecessor-version":[{"id":204,"href":"https:\/\/www.sjanocpi.fr\/burkina\/index.php?rest_route=\/wp\/v2\/pages\/181\/revisions\/204"}],"wp:attachment":[{"href":"https:\/\/www.sjanocpi.fr\/burkina\/index.php?rest_route=%2Fwp%2Fv2%2Fmedia&parent=181"}],"curies":[{"name":"wp","href":"https:\/\/api.w.org\/{rel}","templated":true}]}}