{"id":149,"date":"2013-01-08T09:14:19","date_gmt":"2013-01-08T08:14:19","guid":{"rendered":"http:\/\/www.sjanocpi.fr\/burkina\/?page_id=149"},"modified":"2013-01-08T09:20:23","modified_gmt":"2013-01-08T08:20:23","slug":"suite-et-fin","status":"publish","type":"page","link":"https:\/\/www.sjanocpi.fr\/burkina\/?page_id=149","title":{"rendered":"Suite et fin"},"content":{"rendered":"<p>Les coupeurs de bois de chauffe, il est 9:00 heure locale<\/p>\n<div id=\"attachment_154\" style=\"width: 594px\" class=\"wp-caption alignnone\"><a href=\"https:\/\/www.sjanocpi.fr\/burkina\/wp-content\/uploads\/2013\/01\/IMG_1039.jpg\"><img aria-describedby=\"caption-attachment-154\" decoding=\"async\" loading=\"lazy\" class=\"size-large wp-image-154\" title=\"Le dur travail de coupeur de bois\" src=\"https:\/\/www.sjanocpi.fr\/burkina\/wp-content\/uploads\/2013\/01\/IMG_1039-1024x767.jpg\" alt=\"Le dur travail de coupeur de bois\" width=\"584\" height=\"437\" srcset=\"https:\/\/www.sjanocpi.fr\/burkina\/wp-content\/uploads\/2013\/01\/IMG_1039-1024x767.jpg 1024w, https:\/\/www.sjanocpi.fr\/burkina\/wp-content\/uploads\/2013\/01\/IMG_1039-300x224.jpg 300w, https:\/\/www.sjanocpi.fr\/burkina\/wp-content\/uploads\/2013\/01\/IMG_1039-400x300.jpg 400w, https:\/\/www.sjanocpi.fr\/burkina\/wp-content\/uploads\/2013\/01\/IMG_1039.jpg 1306w\" sizes=\"(max-width: 584px) 100vw, 584px\" \/><\/a><p id=\"caption-attachment-154\" class=\"wp-caption-text\">Le dur travail de coupeur de bois<\/p><\/div>\n<p>Construction de l&rsquo;atelier de Ino<\/p>\n<div id=\"attachment_152\" style=\"width: 594px\" class=\"wp-caption alignnone\"><a href=\"https:\/\/www.sjanocpi.fr\/burkina\/wp-content\/uploads\/2013\/01\/IMG_0987.jpg\"><img aria-describedby=\"caption-attachment-152\" decoding=\"async\" loading=\"lazy\" class=\"size-large wp-image-152\" title=\"Livraison du sable pour les ciments et enduits\" src=\"https:\/\/www.sjanocpi.fr\/burkina\/wp-content\/uploads\/2013\/01\/IMG_0987-1024x767.jpg\" alt=\"Livraison du sable pour les ciments et enduits\" width=\"584\" height=\"437\" srcset=\"https:\/\/www.sjanocpi.fr\/burkina\/wp-content\/uploads\/2013\/01\/IMG_0987-1024x767.jpg 1024w, https:\/\/www.sjanocpi.fr\/burkina\/wp-content\/uploads\/2013\/01\/IMG_0987-300x224.jpg 300w, https:\/\/www.sjanocpi.fr\/burkina\/wp-content\/uploads\/2013\/01\/IMG_0987-400x300.jpg 400w, https:\/\/www.sjanocpi.fr\/burkina\/wp-content\/uploads\/2013\/01\/IMG_0987.jpg 1306w\" sizes=\"(max-width: 584px) 100vw, 584px\" \/><\/a><p id=\"caption-attachment-152\" class=\"wp-caption-text\">Livraison du sable pour les ciments et enduits<\/p><\/div>\n<p>L&rsquo;atelier construit, il reste encore \u00e0 le peindre<\/p>\n<div id=\"attachment_153\" style=\"width: 594px\" class=\"wp-caption alignnone\"><a href=\"https:\/\/www.sjanocpi.fr\/burkina\/wp-content\/uploads\/2013\/01\/IMG_1032.jpg\"><img aria-describedby=\"caption-attachment-153\" decoding=\"async\" loading=\"lazy\" class=\"size-large wp-image-153\" title=\"L'atelier construit\" src=\"https:\/\/www.sjanocpi.fr\/burkina\/wp-content\/uploads\/2013\/01\/IMG_1032-1024x767.jpg\" alt=\"L'atelier construit\" width=\"584\" height=\"437\" srcset=\"https:\/\/www.sjanocpi.fr\/burkina\/wp-content\/uploads\/2013\/01\/IMG_1032-1024x767.jpg 1024w, https:\/\/www.sjanocpi.fr\/burkina\/wp-content\/uploads\/2013\/01\/IMG_1032-300x224.jpg 300w, https:\/\/www.sjanocpi.fr\/burkina\/wp-content\/uploads\/2013\/01\/IMG_1032-400x300.jpg 400w, https:\/\/www.sjanocpi.fr\/burkina\/wp-content\/uploads\/2013\/01\/IMG_1032.jpg 1306w\" sizes=\"(max-width: 584px) 100vw, 584px\" \/><\/a><p id=\"caption-attachment-153\" class=\"wp-caption-text\">L&rsquo;atelier construit<\/p><\/div>\n<p>Et l\u2019int\u00e9rieur<\/p>\n<div id=\"attachment_168\" style=\"width: 594px\" class=\"wp-caption alignnone\"><a href=\"https:\/\/www.sjanocpi.fr\/burkina\/wp-content\/uploads\/2013\/01\/IMG_1029.jpg\"><img aria-describedby=\"caption-attachment-168\" decoding=\"async\" loading=\"lazy\" class=\"size-large wp-image-168\" title=\"Peinture de Ino dans l'atelier\" src=\"https:\/\/www.sjanocpi.fr\/burkina\/wp-content\/uploads\/2013\/01\/IMG_1029-1024x767.jpg\" alt=\"Peinture de Ino dans l'atelier\" width=\"584\" height=\"437\" srcset=\"https:\/\/www.sjanocpi.fr\/burkina\/wp-content\/uploads\/2013\/01\/IMG_1029-1024x767.jpg 1024w, https:\/\/www.sjanocpi.fr\/burkina\/wp-content\/uploads\/2013\/01\/IMG_1029-300x224.jpg 300w, https:\/\/www.sjanocpi.fr\/burkina\/wp-content\/uploads\/2013\/01\/IMG_1029-400x300.jpg 400w, https:\/\/www.sjanocpi.fr\/burkina\/wp-content\/uploads\/2013\/01\/IMG_1029.jpg 1306w\" sizes=\"(max-width: 584px) 100vw, 584px\" \/><\/a><p id=\"caption-attachment-168\" class=\"wp-caption-text\">Peinture de Ino dans l&rsquo;atelier<\/p><\/div>\n<p>&nbsp;<\/p>\n<p>Une soir\u00e9e cr\u00eapes \u00e0 Ouaga \ud83d\ude42<\/p>\n<div id=\"attachment_156\" style=\"width: 594px\" class=\"wp-caption alignnone\"><a href=\"https:\/\/www.sjanocpi.fr\/burkina\/wp-content\/uploads\/2013\/01\/IMG_1036.jpg\"><img aria-describedby=\"caption-attachment-156\" decoding=\"async\" loading=\"lazy\" class=\"size-large wp-image-156\" title=\"Je fais des cr\u00eapes\" src=\"https:\/\/www.sjanocpi.fr\/burkina\/wp-content\/uploads\/2013\/01\/IMG_1036-1024x767.jpg\" alt=\"Je fais des cr\u00eapes\" width=\"584\" height=\"437\" srcset=\"https:\/\/www.sjanocpi.fr\/burkina\/wp-content\/uploads\/2013\/01\/IMG_1036-1024x767.jpg 1024w, https:\/\/www.sjanocpi.fr\/burkina\/wp-content\/uploads\/2013\/01\/IMG_1036-300x224.jpg 300w, https:\/\/www.sjanocpi.fr\/burkina\/wp-content\/uploads\/2013\/01\/IMG_1036-400x300.jpg 400w, https:\/\/www.sjanocpi.fr\/burkina\/wp-content\/uploads\/2013\/01\/IMG_1036.jpg 1306w\" sizes=\"(max-width: 584px) 100vw, 584px\" \/><\/a><p id=\"caption-attachment-156\" class=\"wp-caption-text\">Je fais des cr\u00eapes<\/p><\/div>\n<p>De la bi\u00e8re indienne<\/p>\n<div id=\"attachment_157\" style=\"width: 594px\" class=\"wp-caption alignnone\"><a href=\"https:\/\/www.sjanocpi.fr\/burkina\/wp-content\/uploads\/2013\/01\/IMG_0988.jpg\"><img aria-describedby=\"caption-attachment-157\" decoding=\"async\" loading=\"lazy\" class=\"size-large wp-image-157\" title=\"Warba\" src=\"https:\/\/www.sjanocpi.fr\/burkina\/wp-content\/uploads\/2013\/01\/IMG_0988-1024x767.jpg\" alt=\"Warba\" width=\"584\" height=\"437\" srcset=\"https:\/\/www.sjanocpi.fr\/burkina\/wp-content\/uploads\/2013\/01\/IMG_0988-1024x767.jpg 1024w, https:\/\/www.sjanocpi.fr\/burkina\/wp-content\/uploads\/2013\/01\/IMG_0988-300x224.jpg 300w, https:\/\/www.sjanocpi.fr\/burkina\/wp-content\/uploads\/2013\/01\/IMG_0988-400x300.jpg 400w, https:\/\/www.sjanocpi.fr\/burkina\/wp-content\/uploads\/2013\/01\/IMG_0988.jpg 1306w\" sizes=\"(max-width: 584px) 100vw, 584px\" \/><\/a><p id=\"caption-attachment-157\" class=\"wp-caption-text\">Warba<\/p><\/div>\n<p>Une vue d&rsquo;une terrasse<\/p>\n<div id=\"attachment_158\" style=\"width: 594px\" class=\"wp-caption alignnone\"><a href=\"https:\/\/www.sjanocpi.fr\/burkina\/wp-content\/uploads\/2013\/01\/IMG_0994.jpg\"><img aria-describedby=\"caption-attachment-158\" decoding=\"async\" loading=\"lazy\" class=\"size-large wp-image-158\" title=\"Ouaga dans un &quot;6 m\u00e8tres&quot;\" src=\"https:\/\/www.sjanocpi.fr\/burkina\/wp-content\/uploads\/2013\/01\/IMG_0994-1024x767.jpg\" alt=\"Ouaga dans un &quot;6 m\u00e8tres&quot;\" width=\"584\" height=\"437\" srcset=\"https:\/\/www.sjanocpi.fr\/burkina\/wp-content\/uploads\/2013\/01\/IMG_0994-1024x767.jpg 1024w, https:\/\/www.sjanocpi.fr\/burkina\/wp-content\/uploads\/2013\/01\/IMG_0994-300x224.jpg 300w, https:\/\/www.sjanocpi.fr\/burkina\/wp-content\/uploads\/2013\/01\/IMG_0994-400x300.jpg 400w, https:\/\/www.sjanocpi.fr\/burkina\/wp-content\/uploads\/2013\/01\/IMG_0994.jpg 1306w\" sizes=\"(max-width: 584px) 100vw, 584px\" \/><\/a><p id=\"caption-attachment-158\" class=\"wp-caption-text\">Ouaga dans un \u00ab\u00a06 m\u00e8tres\u00a0\u00bb<\/p><\/div>\n<p>Le d\u00e9part s&rsquo;annonce, un avion atterrit.<\/p>\n<div id=\"attachment_159\" style=\"width: 594px\" class=\"wp-caption alignnone\"><a href=\"https:\/\/www.sjanocpi.fr\/burkina\/wp-content\/uploads\/2013\/01\/IMG_1043.jpg\"><img aria-describedby=\"caption-attachment-159\" decoding=\"async\" loading=\"lazy\" class=\"size-large wp-image-159\" title=\"Passage d'avion au dessus de Ouaga\" src=\"https:\/\/www.sjanocpi.fr\/burkina\/wp-content\/uploads\/2013\/01\/IMG_1043-1024x767.jpg\" alt=\"Passage d'avion au dessus de Ouaga\" width=\"584\" height=\"437\" srcset=\"https:\/\/www.sjanocpi.fr\/burkina\/wp-content\/uploads\/2013\/01\/IMG_1043-1024x767.jpg 1024w, https:\/\/www.sjanocpi.fr\/burkina\/wp-content\/uploads\/2013\/01\/IMG_1043-300x224.jpg 300w, https:\/\/www.sjanocpi.fr\/burkina\/wp-content\/uploads\/2013\/01\/IMG_1043-400x300.jpg 400w, https:\/\/www.sjanocpi.fr\/burkina\/wp-content\/uploads\/2013\/01\/IMG_1043.jpg 1306w\" sizes=\"(max-width: 584px) 100vw, 584px\" \/><\/a><p id=\"caption-attachment-159\" class=\"wp-caption-text\">Passage d&rsquo;avion au dessus de Ouaga<\/p><\/div>\n<p><strong>Le retour \u00e0 Paris le 07\/01\/2013.<\/strong><\/p>\n<p>A\u00e9roport de Ouaga au petit matin<\/p>\n<div id=\"attachment_151\" style=\"width: 594px\" class=\"wp-caption alignnone\"><a href=\"https:\/\/www.sjanocpi.fr\/burkina\/wp-content\/uploads\/2013\/01\/IMG_1049.jpg\"><img aria-describedby=\"caption-attachment-151\" decoding=\"async\" loading=\"lazy\" class=\"size-large wp-image-151\" title=\"Salle d'attente de l'a\u00e9roport de Ouaga\" src=\"https:\/\/www.sjanocpi.fr\/burkina\/wp-content\/uploads\/2013\/01\/IMG_1049-1024x767.jpg\" alt=\"Salle d'attente de l'a\u00e9roport de Ouaga\" width=\"584\" height=\"437\" srcset=\"https:\/\/www.sjanocpi.fr\/burkina\/wp-content\/uploads\/2013\/01\/IMG_1049-1024x767.jpg 1024w, https:\/\/www.sjanocpi.fr\/burkina\/wp-content\/uploads\/2013\/01\/IMG_1049-300x224.jpg 300w, https:\/\/www.sjanocpi.fr\/burkina\/wp-content\/uploads\/2013\/01\/IMG_1049-400x300.jpg 400w, https:\/\/www.sjanocpi.fr\/burkina\/wp-content\/uploads\/2013\/01\/IMG_1049.jpg 1306w\" sizes=\"(max-width: 584px) 100vw, 584px\" \/><\/a><p id=\"caption-attachment-151\" class=\"wp-caption-text\">Salle d&rsquo;attente de l&rsquo;a\u00e9roport de Ouaga<\/p><\/div>\n<p>De l&rsquo;avion quelques paysages du Faso vers le Maroc.<\/p>\n<div id=\"attachment_161\" style=\"width: 594px\" class=\"wp-caption alignnone\"><a href=\"https:\/\/www.sjanocpi.fr\/burkina\/wp-content\/uploads\/2013\/01\/IMG_1056.jpg\"><img aria-describedby=\"caption-attachment-161\" decoding=\"async\" loading=\"lazy\" class=\"size-large wp-image-161\" title=\"Paysage de dunes\" src=\"https:\/\/www.sjanocpi.fr\/burkina\/wp-content\/uploads\/2013\/01\/IMG_1056-1024x767.jpg\" alt=\"Paysage de dunes\" width=\"584\" height=\"437\" srcset=\"https:\/\/www.sjanocpi.fr\/burkina\/wp-content\/uploads\/2013\/01\/IMG_1056-1024x767.jpg 1024w, https:\/\/www.sjanocpi.fr\/burkina\/wp-content\/uploads\/2013\/01\/IMG_1056-300x224.jpg 300w, https:\/\/www.sjanocpi.fr\/burkina\/wp-content\/uploads\/2013\/01\/IMG_1056-400x300.jpg 400w, https:\/\/www.sjanocpi.fr\/burkina\/wp-content\/uploads\/2013\/01\/IMG_1056.jpg 1306w\" sizes=\"(max-width: 584px) 100vw, 584px\" \/><\/a><p id=\"caption-attachment-161\" class=\"wp-caption-text\">Paysage de dunes<\/p><\/div>\n<div id=\"attachment_162\" style=\"width: 594px\" class=\"wp-caption alignnone\"><a href=\"https:\/\/www.sjanocpi.fr\/burkina\/wp-content\/uploads\/2013\/01\/IMG_1059.jpg\"><img aria-describedby=\"caption-attachment-162\" decoding=\"async\" loading=\"lazy\" class=\"size-large wp-image-162\" title=\"Paysage de dunes rouges\" src=\"https:\/\/www.sjanocpi.fr\/burkina\/wp-content\/uploads\/2013\/01\/IMG_1059-1024x767.jpg\" alt=\"Paysage de dunes rouges\" width=\"584\" height=\"437\" srcset=\"https:\/\/www.sjanocpi.fr\/burkina\/wp-content\/uploads\/2013\/01\/IMG_1059-1024x767.jpg 1024w, https:\/\/www.sjanocpi.fr\/burkina\/wp-content\/uploads\/2013\/01\/IMG_1059-300x224.jpg 300w, https:\/\/www.sjanocpi.fr\/burkina\/wp-content\/uploads\/2013\/01\/IMG_1059-400x300.jpg 400w, https:\/\/www.sjanocpi.fr\/burkina\/wp-content\/uploads\/2013\/01\/IMG_1059.jpg 1306w\" sizes=\"(max-width: 584px) 100vw, 584px\" \/><\/a><p id=\"caption-attachment-162\" class=\"wp-caption-text\">Paysage de dunes rouges<\/p><\/div>\n<div id=\"attachment_163\" style=\"width: 594px\" class=\"wp-caption alignnone\"><a href=\"https:\/\/www.sjanocpi.fr\/burkina\/wp-content\/uploads\/2013\/01\/IMG_1062.jpg\"><img aria-describedby=\"caption-attachment-163\" decoding=\"async\" loading=\"lazy\" class=\"size-large wp-image-163\" title=\"Paysage de montagnes et dunes\" src=\"https:\/\/www.sjanocpi.fr\/burkina\/wp-content\/uploads\/2013\/01\/IMG_1062-1024x767.jpg\" alt=\"Paysage de montagnes et dunes\" width=\"584\" height=\"437\" srcset=\"https:\/\/www.sjanocpi.fr\/burkina\/wp-content\/uploads\/2013\/01\/IMG_1062-1024x767.jpg 1024w, https:\/\/www.sjanocpi.fr\/burkina\/wp-content\/uploads\/2013\/01\/IMG_1062-300x224.jpg 300w, https:\/\/www.sjanocpi.fr\/burkina\/wp-content\/uploads\/2013\/01\/IMG_1062-400x300.jpg 400w, https:\/\/www.sjanocpi.fr\/burkina\/wp-content\/uploads\/2013\/01\/IMG_1062.jpg 1306w\" sizes=\"(max-width: 584px) 100vw, 584px\" \/><\/a><p id=\"caption-attachment-163\" class=\"wp-caption-text\">Paysage de montagnes et dunes<\/p><\/div>\n<div id=\"attachment_164\" style=\"width: 594px\" class=\"wp-caption alignnone\"><a href=\"https:\/\/www.sjanocpi.fr\/burkina\/wp-content\/uploads\/2013\/01\/IMG_1066.jpg\"><img aria-describedby=\"caption-attachment-164\" decoding=\"async\" loading=\"lazy\" class=\"size-large wp-image-164\" title=\"Paysage de montagnes avant le Maroc\" src=\"https:\/\/www.sjanocpi.fr\/burkina\/wp-content\/uploads\/2013\/01\/IMG_1066-1024x767.jpg\" alt=\"Paysage de montagnes avant le Maroc\" width=\"584\" height=\"437\" srcset=\"https:\/\/www.sjanocpi.fr\/burkina\/wp-content\/uploads\/2013\/01\/IMG_1066-1024x767.jpg 1024w, https:\/\/www.sjanocpi.fr\/burkina\/wp-content\/uploads\/2013\/01\/IMG_1066-300x224.jpg 300w, https:\/\/www.sjanocpi.fr\/burkina\/wp-content\/uploads\/2013\/01\/IMG_1066-400x300.jpg 400w, https:\/\/www.sjanocpi.fr\/burkina\/wp-content\/uploads\/2013\/01\/IMG_1066.jpg 1306w\" sizes=\"(max-width: 584px) 100vw, 584px\" \/><\/a><p id=\"caption-attachment-164\" class=\"wp-caption-text\">Paysage de montagnes avant le Maroc<\/p><\/div>\n<p>Et voil\u00e0 je suis rentr\u00e9, tout va bien.<\/p>\n","protected":false},"excerpt":{"rendered":"<p>Les coupeurs de bois de chauffe, il est 9:00 heure locale Construction de l&rsquo;atelier de Ino L&rsquo;atelier construit, il reste encore \u00e0 le peindre Et l\u2019int\u00e9rieur &nbsp; Une soir\u00e9e cr\u00eapes \u00e0 Ouaga \ud83d\ude42 De la bi\u00e8re indienne Une vue d&rsquo;une &hellip; <a href=\"https:\/\/www.sjanocpi.fr\/burkina\/?page_id=149\">Continuer la lecture <span class=\"meta-nav\">&rarr;<\/span><\/a><\/p>\n","protected":false},"author":1,"featured_media":0,"parent":0,"menu_order":0,"comment_status":"closed","ping_status":"closed","template":"","meta":{"footnotes":""},"_links":{"self":[{"href":"https:\/\/www.sjanocpi.fr\/burkina\/index.php?rest_route=\/wp\/v2\/pages\/149"}],"collection":[{"href":"https:\/\/www.sjanocpi.fr\/burkina\/index.php?rest_route=\/wp\/v2\/pages"}],"about":[{"href":"https:\/\/www.sjanocpi.fr\/burkina\/index.php?rest_route=\/wp\/v2\/types\/page"}],"author":[{"embeddable":true,"href":"https:\/\/www.sjanocpi.fr\/burkina\/index.php?rest_route=\/wp\/v2\/users\/1"}],"replies":[{"embeddable":true,"href":"https:\/\/www.sjanocpi.fr\/burkina\/index.php?rest_route=%2Fwp%2Fv2%2Fcomments&post=149"}],"version-history":[{"count":7,"href":"https:\/\/www.sjanocpi.fr\/burkina\/index.php?rest_route=\/wp\/v2\/pages\/149\/revisions"}],"predecessor-version":[{"id":166,"href":"https:\/\/www.sjanocpi.fr\/burkina\/index.php?rest_route=\/wp\/v2\/pages\/149\/revisions\/166"}],"wp:attachment":[{"href":"https:\/\/www.sjanocpi.fr\/burkina\/index.php?rest_route=%2Fwp%2Fv2%2Fmedia&parent=149"}],"curies":[{"name":"wp","href":"https:\/\/api.w.org\/{rel}","templated":true}]}}