{"id":136,"date":"2012-12-28T09:37:39","date_gmt":"2012-12-28T08:37:39","guid":{"rendered":"http:\/\/www.sjanocpi.fr\/burkina\/?page_id=136"},"modified":"2012-12-28T09:37:39","modified_gmt":"2012-12-28T08:37:39","slug":"burkina-en-vrac","status":"publish","type":"page","link":"https:\/\/www.sjanocpi.fr\/burkina\/?page_id=136","title":{"rendered":"Burkina en vrac"},"content":{"rendered":"<p><strong>Une page ou on trouve un peu de tout<\/strong><\/p>\n<p>\u00e7a commence par une livraison de viande<\/p>\n<div id=\"attachment_137\" style=\"width: 594px\" class=\"wp-caption alignnone\"><a href=\"https:\/\/www.sjanocpi.fr\/burkina\/wp-content\/uploads\/2012\/12\/IMG_0600.jpg\"><img aria-describedby=\"caption-attachment-137\" decoding=\"async\" loading=\"lazy\" class=\"size-large wp-image-137\" title=\"Le livreur de viande \u00e0 Ouaga \" src=\"https:\/\/www.sjanocpi.fr\/burkina\/wp-content\/uploads\/2012\/12\/IMG_0600-1024x768.jpg\" alt=\"Le livreur de viande \u00e0 Ouaga \" width=\"584\" height=\"438\" srcset=\"https:\/\/www.sjanocpi.fr\/burkina\/wp-content\/uploads\/2012\/12\/IMG_0600-1024x768.jpg 1024w, https:\/\/www.sjanocpi.fr\/burkina\/wp-content\/uploads\/2012\/12\/IMG_0600-300x225.jpg 300w, https:\/\/www.sjanocpi.fr\/burkina\/wp-content\/uploads\/2012\/12\/IMG_0600-400x300.jpg 400w, https:\/\/www.sjanocpi.fr\/burkina\/wp-content\/uploads\/2012\/12\/IMG_0600.jpg 1632w\" sizes=\"(max-width: 584px) 100vw, 584px\" \/><\/a><p id=\"caption-attachment-137\" class=\"wp-caption-text\">Le livreur de viande \u00e0 Ouaga vu par la fen\u00eatre de la voiture d&rsquo;Alice.<\/p><\/div>\n<p>Le train au passage \u00e0 niveau<\/p>\n<div id=\"attachment_138\" style=\"width: 594px\" class=\"wp-caption alignnone\"><a href=\"https:\/\/www.sjanocpi.fr\/burkina\/wp-content\/uploads\/2012\/12\/IMG_0641.jpg\"><img aria-describedby=\"caption-attachment-138\" decoding=\"async\" loading=\"lazy\" class=\"size-large wp-image-138\" title=\"Le train passe\" src=\"https:\/\/www.sjanocpi.fr\/burkina\/wp-content\/uploads\/2012\/12\/IMG_0641-1024x768.jpg\" alt=\"Le train passe\" width=\"584\" height=\"438\" srcset=\"https:\/\/www.sjanocpi.fr\/burkina\/wp-content\/uploads\/2012\/12\/IMG_0641-1024x768.jpg 1024w, https:\/\/www.sjanocpi.fr\/burkina\/wp-content\/uploads\/2012\/12\/IMG_0641-300x225.jpg 300w, https:\/\/www.sjanocpi.fr\/burkina\/wp-content\/uploads\/2012\/12\/IMG_0641-400x300.jpg 400w, https:\/\/www.sjanocpi.fr\/burkina\/wp-content\/uploads\/2012\/12\/IMG_0641.jpg 1632w\" sizes=\"(max-width: 584px) 100vw, 584px\" \/><\/a><p id=\"caption-attachment-138\" class=\"wp-caption-text\">Le train passe<\/p><\/div>\n<div id=\"attachment_139\" style=\"width: 594px\" class=\"wp-caption alignnone\"><a href=\"https:\/\/www.sjanocpi.fr\/burkina\/wp-content\/uploads\/2012\/12\/IMG_0642.jpg\"><img aria-describedby=\"caption-attachment-139\" decoding=\"async\" loading=\"lazy\" class=\"size-large wp-image-139\" title=\"Le train passe\" src=\"https:\/\/www.sjanocpi.fr\/burkina\/wp-content\/uploads\/2012\/12\/IMG_0642-1024x768.jpg\" alt=\"Le train passe\" width=\"584\" height=\"438\" srcset=\"https:\/\/www.sjanocpi.fr\/burkina\/wp-content\/uploads\/2012\/12\/IMG_0642-1024x768.jpg 1024w, https:\/\/www.sjanocpi.fr\/burkina\/wp-content\/uploads\/2012\/12\/IMG_0642-300x225.jpg 300w, https:\/\/www.sjanocpi.fr\/burkina\/wp-content\/uploads\/2012\/12\/IMG_0642-400x300.jpg 400w, https:\/\/www.sjanocpi.fr\/burkina\/wp-content\/uploads\/2012\/12\/IMG_0642.jpg 1632w\" sizes=\"(max-width: 584px) 100vw, 584px\" \/><\/a><p id=\"caption-attachment-139\" class=\"wp-caption-text\">Le train passe<\/p><\/div>\n<p>Une marque bien r\u00e9pandue, voire h\u00e9g\u00e9monique, en arabe.<\/p>\n<div id=\"attachment_140\" style=\"width: 594px\" class=\"wp-caption alignnone\"><a href=\"https:\/\/www.sjanocpi.fr\/burkina\/wp-content\/uploads\/2012\/12\/IMG_0832.jpg\"><img aria-describedby=\"caption-attachment-140\" decoding=\"async\" loading=\"lazy\" class=\"size-large wp-image-140\" title=\"logo bien reconnaissable\" src=\"https:\/\/www.sjanocpi.fr\/burkina\/wp-content\/uploads\/2012\/12\/IMG_0832-1024x768.jpg\" alt=\"logo bien reconnaissable\" width=\"584\" height=\"438\" srcset=\"https:\/\/www.sjanocpi.fr\/burkina\/wp-content\/uploads\/2012\/12\/IMG_0832-1024x768.jpg 1024w, https:\/\/www.sjanocpi.fr\/burkina\/wp-content\/uploads\/2012\/12\/IMG_0832-300x225.jpg 300w, https:\/\/www.sjanocpi.fr\/burkina\/wp-content\/uploads\/2012\/12\/IMG_0832-400x300.jpg 400w, https:\/\/www.sjanocpi.fr\/burkina\/wp-content\/uploads\/2012\/12\/IMG_0832.jpg 1632w\" sizes=\"(max-width: 584px) 100vw, 584px\" \/><\/a><p id=\"caption-attachment-140\" class=\"wp-caption-text\">logo bien reconnaissable<\/p><\/div>\n<p>Suivi de la r\u00e9cup\u00e9ration \/ r\u00e9utilisation.<\/p>\n<div id=\"attachment_141\" style=\"width: 594px\" class=\"wp-caption alignnone\"><a href=\"https:\/\/www.sjanocpi.fr\/burkina\/wp-content\/uploads\/2012\/12\/IMG_0651.jpg\"><img aria-describedby=\"caption-attachment-141\" decoding=\"async\" loading=\"lazy\" class=\"size-large wp-image-141\" title=\"Le vendeur de r\u00e9cupe\" src=\"https:\/\/www.sjanocpi.fr\/burkina\/wp-content\/uploads\/2012\/12\/IMG_0651-1024x768.jpg\" alt=\"Le vendeur de r\u00e9cupe\" width=\"584\" height=\"438\" srcset=\"https:\/\/www.sjanocpi.fr\/burkina\/wp-content\/uploads\/2012\/12\/IMG_0651-1024x768.jpg 1024w, https:\/\/www.sjanocpi.fr\/burkina\/wp-content\/uploads\/2012\/12\/IMG_0651-300x225.jpg 300w, https:\/\/www.sjanocpi.fr\/burkina\/wp-content\/uploads\/2012\/12\/IMG_0651-400x300.jpg 400w, https:\/\/www.sjanocpi.fr\/burkina\/wp-content\/uploads\/2012\/12\/IMG_0651.jpg 1632w\" sizes=\"(max-width: 584px) 100vw, 584px\" \/><\/a><p id=\"caption-attachment-141\" class=\"wp-caption-text\">Le vendeur de r\u00e9cupe dans la lumi\u00e8re du soir.<\/p><\/div>\n<p>Les 2 coqs<\/p>\n<div id=\"attachment_142\" style=\"width: 594px\" class=\"wp-caption alignnone\"><a href=\"https:\/\/www.sjanocpi.fr\/burkina\/wp-content\/uploads\/2012\/12\/IMG_0649.jpg\"><img aria-describedby=\"caption-attachment-142\" decoding=\"async\" loading=\"lazy\" class=\"size-large wp-image-142\" title=\"combat de coqs dans la cour\" src=\"https:\/\/www.sjanocpi.fr\/burkina\/wp-content\/uploads\/2012\/12\/IMG_0649-1024x768.jpg\" alt=\"combat de coqs dans la cour\" width=\"584\" height=\"438\" srcset=\"https:\/\/www.sjanocpi.fr\/burkina\/wp-content\/uploads\/2012\/12\/IMG_0649-1024x768.jpg 1024w, https:\/\/www.sjanocpi.fr\/burkina\/wp-content\/uploads\/2012\/12\/IMG_0649-300x225.jpg 300w, https:\/\/www.sjanocpi.fr\/burkina\/wp-content\/uploads\/2012\/12\/IMG_0649-400x300.jpg 400w, https:\/\/www.sjanocpi.fr\/burkina\/wp-content\/uploads\/2012\/12\/IMG_0649.jpg 1632w\" sizes=\"(max-width: 584px) 100vw, 584px\" \/><\/a><p id=\"caption-attachment-142\" class=\"wp-caption-text\">combat de coqs dans la cour<\/p><\/div>\n<div id=\"attachment_143\" style=\"width: 594px\" class=\"wp-caption alignnone\"><a href=\"https:\/\/www.sjanocpi.fr\/burkina\/wp-content\/uploads\/2012\/12\/IMG_0650.jpg\"><img aria-describedby=\"caption-attachment-143\" decoding=\"async\" loading=\"lazy\" class=\"size-large wp-image-143\" title=\"Combat de coqs\" src=\"https:\/\/www.sjanocpi.fr\/burkina\/wp-content\/uploads\/2012\/12\/IMG_0650-1024x768.jpg\" alt=\"Combat de coqs\" width=\"584\" height=\"438\" srcset=\"https:\/\/www.sjanocpi.fr\/burkina\/wp-content\/uploads\/2012\/12\/IMG_0650-1024x768.jpg 1024w, https:\/\/www.sjanocpi.fr\/burkina\/wp-content\/uploads\/2012\/12\/IMG_0650-300x225.jpg 300w, https:\/\/www.sjanocpi.fr\/burkina\/wp-content\/uploads\/2012\/12\/IMG_0650-400x300.jpg 400w, https:\/\/www.sjanocpi.fr\/burkina\/wp-content\/uploads\/2012\/12\/IMG_0650.jpg 1632w\" sizes=\"(max-width: 584px) 100vw, 584px\" \/><\/a><p id=\"caption-attachment-143\" class=\"wp-caption-text\">Combat de coqs<\/p><\/div>\n<p><strong>Eskale Quilombo<\/strong> est au <strong>New Version<\/strong> \u00e0 Ouaga, secteur 16.<\/p>\n<div id=\"attachment_144\" style=\"width: 594px\" class=\"wp-caption alignnone\"><a href=\"https:\/\/www.sjanocpi.fr\/burkina\/wp-content\/uploads\/2012\/12\/IMG_0661.jpg\"><img aria-describedby=\"caption-attachment-144\" decoding=\"async\" loading=\"lazy\" class=\"size-large wp-image-144\" title=\"Eskale Quilombo \u00e0 Ouaga\" src=\"https:\/\/www.sjanocpi.fr\/burkina\/wp-content\/uploads\/2012\/12\/IMG_0661-1024x768.jpg\" alt=\"Eskale Quilombo \u00e0 Ouaga\" width=\"584\" height=\"438\" srcset=\"https:\/\/www.sjanocpi.fr\/burkina\/wp-content\/uploads\/2012\/12\/IMG_0661-1024x768.jpg 1024w, https:\/\/www.sjanocpi.fr\/burkina\/wp-content\/uploads\/2012\/12\/IMG_0661-300x225.jpg 300w, https:\/\/www.sjanocpi.fr\/burkina\/wp-content\/uploads\/2012\/12\/IMG_0661-400x300.jpg 400w, https:\/\/www.sjanocpi.fr\/burkina\/wp-content\/uploads\/2012\/12\/IMG_0661.jpg 1632w\" sizes=\"(max-width: 584px) 100vw, 584px\" \/><\/a><p id=\"caption-attachment-144\" class=\"wp-caption-text\">Eskale Quilombo \u00e0 Ouaga<\/p><\/div>\n<div id=\"attachment_145\" style=\"width: 594px\" class=\"wp-caption alignnone\"><a href=\"https:\/\/www.sjanocpi.fr\/burkina\/wp-content\/uploads\/2012\/12\/IMG_0891.jpg\"><img aria-describedby=\"caption-attachment-145\" decoding=\"async\" loading=\"lazy\" class=\"size-large wp-image-145\" title=\"Le r\u00e9parateur de moto\" src=\"https:\/\/www.sjanocpi.fr\/burkina\/wp-content\/uploads\/2012\/12\/IMG_0891-1024x768.jpg\" alt=\"Le r\u00e9parateur de moto\" width=\"584\" height=\"438\" srcset=\"https:\/\/www.sjanocpi.fr\/burkina\/wp-content\/uploads\/2012\/12\/IMG_0891-1024x768.jpg 1024w, https:\/\/www.sjanocpi.fr\/burkina\/wp-content\/uploads\/2012\/12\/IMG_0891-300x225.jpg 300w, https:\/\/www.sjanocpi.fr\/burkina\/wp-content\/uploads\/2012\/12\/IMG_0891-400x300.jpg 400w, https:\/\/www.sjanocpi.fr\/burkina\/wp-content\/uploads\/2012\/12\/IMG_0891.jpg 1632w\" sizes=\"(max-width: 584px) 100vw, 584px\" \/><\/a><p id=\"caption-attachment-145\" class=\"wp-caption-text\">Le r\u00e9parateur de moto et le client perplexe quant \u00e0 l&rsquo;usure du vieux pneu<\/p><\/div>\n","protected":false},"excerpt":{"rendered":"<p>Une page ou on trouve un peu de tout \u00e7a commence par une livraison de viande Le train au passage \u00e0 niveau Une marque bien r\u00e9pandue, voire h\u00e9g\u00e9monique, en arabe. Suivi de la r\u00e9cup\u00e9ration \/ r\u00e9utilisation. Les 2 coqs Eskale &hellip; <a href=\"https:\/\/www.sjanocpi.fr\/burkina\/?page_id=136\">Continuer la lecture <span class=\"meta-nav\">&rarr;<\/span><\/a><\/p>\n","protected":false},"author":1,"featured_media":0,"parent":0,"menu_order":0,"comment_status":"closed","ping_status":"closed","template":"","meta":{"footnotes":""},"_links":{"self":[{"href":"https:\/\/www.sjanocpi.fr\/burkina\/index.php?rest_route=\/wp\/v2\/pages\/136"}],"collection":[{"href":"https:\/\/www.sjanocpi.fr\/burkina\/index.php?rest_route=\/wp\/v2\/pages"}],"about":[{"href":"https:\/\/www.sjanocpi.fr\/burkina\/index.php?rest_route=\/wp\/v2\/types\/page"}],"author":[{"embeddable":true,"href":"https:\/\/www.sjanocpi.fr\/burkina\/index.php?rest_route=\/wp\/v2\/users\/1"}],"replies":[{"embeddable":true,"href":"https:\/\/www.sjanocpi.fr\/burkina\/index.php?rest_route=%2Fwp%2Fv2%2Fcomments&post=136"}],"version-history":[{"count":2,"href":"https:\/\/www.sjanocpi.fr\/burkina\/index.php?rest_route=\/wp\/v2\/pages\/136\/revisions"}],"predecessor-version":[{"id":147,"href":"https:\/\/www.sjanocpi.fr\/burkina\/index.php?rest_route=\/wp\/v2\/pages\/136\/revisions\/147"}],"wp:attachment":[{"href":"https:\/\/www.sjanocpi.fr\/burkina\/index.php?rest_route=%2Fwp%2Fv2%2Fmedia&parent=136"}],"curies":[{"name":"wp","href":"https:\/\/api.w.org\/{rel}","templated":true}]}}