{"id":110,"date":"2012-12-27T10:17:59","date_gmt":"2012-12-27T09:17:59","guid":{"rendered":"http:\/\/www.sjanocpi.fr\/burkina\/?page_id=110"},"modified":"2013-01-08T09:27:01","modified_gmt":"2013-01-08T08:27:01","slug":"ouagadougou-tayalo-ouagadougou","status":"publish","type":"page","link":"https:\/\/www.sjanocpi.fr\/burkina\/?page_id=110","title":{"rendered":"Ouagadougou Tayalo Ouagadougou"},"content":{"rendered":"<p>Aujourd&rsquo;hui nous allons \u00e0 Tayalo,le village du papa de Ino. C&rsquo;est \u00e0 environ 75km de Ouaga, le 20 premiers KM se font sur la grande route, il est 6:30 en ce matin du 24 d\u00e9cembre, et la route est encore calme, dans une demi-heure ce ne sera plus la m\u00eame chose.<\/p>\n<div id=\"attachment_111\" style=\"width: 594px\" class=\"wp-caption alignnone\"><a href=\"https:\/\/www.sjanocpi.fr\/burkina\/wp-content\/uploads\/2012\/12\/IMG_0689.jpg\"><img aria-describedby=\"caption-attachment-111\" decoding=\"async\" loading=\"lazy\" class=\"size-large wp-image-111\" title=\"La route vers Tangadassouri\" src=\"https:\/\/www.sjanocpi.fr\/burkina\/wp-content\/uploads\/2012\/12\/IMG_0689-1024x768.jpg\" alt=\"La route vers Tangadassouri\" width=\"584\" height=\"438\" srcset=\"https:\/\/www.sjanocpi.fr\/burkina\/wp-content\/uploads\/2012\/12\/IMG_0689-1024x768.jpg 1024w, https:\/\/www.sjanocpi.fr\/burkina\/wp-content\/uploads\/2012\/12\/IMG_0689-300x225.jpg 300w, https:\/\/www.sjanocpi.fr\/burkina\/wp-content\/uploads\/2012\/12\/IMG_0689-400x300.jpg 400w, https:\/\/www.sjanocpi.fr\/burkina\/wp-content\/uploads\/2012\/12\/IMG_0689.jpg 1632w\" sizes=\"(max-width: 584px) 100vw, 584px\" \/><\/a><p id=\"caption-attachment-111\" class=\"wp-caption-text\">La route vers Tangadassouri<\/p><\/div>\n<p>Par la suite nous quittons la nationale \u00e0 Tangadassouri pour une route, un peu plus rustique.<\/p>\n<div id=\"attachment_113\" style=\"width: 594px\" class=\"wp-caption alignnone\"><a href=\"https:\/\/www.sjanocpi.fr\/burkina\/wp-content\/uploads\/2012\/12\/IMG_0702.jpg\"><img aria-describedby=\"caption-attachment-113\" decoding=\"async\" loading=\"lazy\" class=\"size-large wp-image-113\" title=\"La route apr\u00e8s Tangadassouri\" src=\"https:\/\/www.sjanocpi.fr\/burkina\/wp-content\/uploads\/2012\/12\/IMG_0702-1024x768.jpg\" alt=\"La route apr\u00e8s Tangadassouri\" width=\"584\" height=\"438\" srcset=\"https:\/\/www.sjanocpi.fr\/burkina\/wp-content\/uploads\/2012\/12\/IMG_0702-1024x768.jpg 1024w, https:\/\/www.sjanocpi.fr\/burkina\/wp-content\/uploads\/2012\/12\/IMG_0702-300x225.jpg 300w, https:\/\/www.sjanocpi.fr\/burkina\/wp-content\/uploads\/2012\/12\/IMG_0702-400x300.jpg 400w, https:\/\/www.sjanocpi.fr\/burkina\/wp-content\/uploads\/2012\/12\/IMG_0702.jpg 1632w\" sizes=\"(max-width: 584px) 100vw, 584px\" \/><\/a><p id=\"caption-attachment-113\" class=\"wp-caption-text\">La route \u00e0 la sortie de Tangadassouri<\/p><\/div>\n<p>Il nous reste encore une cinquantaine de kilom\u00e8tres \u00e0 parcourir.<\/p>\n<div id=\"attachment_114\" style=\"width: 594px\" class=\"wp-caption alignnone\"><a href=\"https:\/\/www.sjanocpi.fr\/burkina\/wp-content\/uploads\/2012\/12\/IMG_0708.jpg\"><img aria-describedby=\"caption-attachment-114\" decoding=\"async\" loading=\"lazy\" class=\"size-large wp-image-114\" title=\"La route se r\u00e9tr\u00e9cit\" src=\"https:\/\/www.sjanocpi.fr\/burkina\/wp-content\/uploads\/2012\/12\/IMG_0708-1024x768.jpg\" alt=\"La route se r\u00e9tr\u00e9cit\" width=\"584\" height=\"438\" srcset=\"https:\/\/www.sjanocpi.fr\/burkina\/wp-content\/uploads\/2012\/12\/IMG_0708-1024x768.jpg 1024w, https:\/\/www.sjanocpi.fr\/burkina\/wp-content\/uploads\/2012\/12\/IMG_0708-300x225.jpg 300w, https:\/\/www.sjanocpi.fr\/burkina\/wp-content\/uploads\/2012\/12\/IMG_0708-400x300.jpg 400w, https:\/\/www.sjanocpi.fr\/burkina\/wp-content\/uploads\/2012\/12\/IMG_0708.jpg 1632w\" sizes=\"(max-width: 584px) 100vw, 584px\" \/><\/a><p id=\"caption-attachment-114\" class=\"wp-caption-text\">La route se r\u00e9tr\u00e9cit<\/p><\/div>\n<p>&nbsp;<\/p>\n<div id=\"attachment_116\" style=\"width: 594px\" class=\"wp-caption alignnone\"><a href=\"https:\/\/www.sjanocpi.fr\/burkina\/wp-content\/uploads\/2012\/12\/IMG_0723.jpg\"><img aria-describedby=\"caption-attachment-116\" decoding=\"async\" loading=\"lazy\" class=\"size-large wp-image-116\" title=\"Le baobab sur le bord de la route\" src=\"https:\/\/www.sjanocpi.fr\/burkina\/wp-content\/uploads\/2012\/12\/IMG_0723-1024x768.jpg\" alt=\"Le baobab sur le bord de la route\" width=\"584\" height=\"438\" srcset=\"https:\/\/www.sjanocpi.fr\/burkina\/wp-content\/uploads\/2012\/12\/IMG_0723-1024x768.jpg 1024w, https:\/\/www.sjanocpi.fr\/burkina\/wp-content\/uploads\/2012\/12\/IMG_0723-300x225.jpg 300w, https:\/\/www.sjanocpi.fr\/burkina\/wp-content\/uploads\/2012\/12\/IMG_0723-400x300.jpg 400w, https:\/\/www.sjanocpi.fr\/burkina\/wp-content\/uploads\/2012\/12\/IMG_0723.jpg 1632w\" sizes=\"(max-width: 584px) 100vw, 584px\" \/><\/a><p id=\"caption-attachment-116\" class=\"wp-caption-text\">Le baobab sur le bord de la route, on peut dire que c&rsquo;est l&rsquo;arbre symbole de l&rsquo;Afrique<\/p><\/div>\n<div id=\"attachment_117\" style=\"width: 594px\" class=\"wp-caption alignnone\"><a href=\"https:\/\/www.sjanocpi.fr\/burkina\/wp-content\/uploads\/2012\/12\/IMG_0728.jpg\"><img aria-describedby=\"caption-attachment-117\" decoding=\"async\" loading=\"lazy\" class=\"size-large wp-image-117\" title=\"les vendeurs de poulets\" src=\"https:\/\/www.sjanocpi.fr\/burkina\/wp-content\/uploads\/2012\/12\/IMG_0728-1024x768.jpg\" alt=\"les vendeurs de poulets\" width=\"584\" height=\"438\" srcset=\"https:\/\/www.sjanocpi.fr\/burkina\/wp-content\/uploads\/2012\/12\/IMG_0728-1024x768.jpg 1024w, https:\/\/www.sjanocpi.fr\/burkina\/wp-content\/uploads\/2012\/12\/IMG_0728-300x225.jpg 300w, https:\/\/www.sjanocpi.fr\/burkina\/wp-content\/uploads\/2012\/12\/IMG_0728-400x300.jpg 400w, https:\/\/www.sjanocpi.fr\/burkina\/wp-content\/uploads\/2012\/12\/IMG_0728.jpg 1632w\" sizes=\"(max-width: 584px) 100vw, 584px\" \/><\/a><p id=\"caption-attachment-117\" class=\"wp-caption-text\">Nous sommes \u00e0 la veille de no\u00ebl et dans les villages c&rsquo;est aujourd&rsquo;hui jour de march\u00e9, les vendeurs se pressent sur les routes, entre autres les vendeurs de poulets<\/p><\/div>\n<div id=\"attachment_118\" style=\"width: 594px\" class=\"wp-caption alignnone\"><a href=\"https:\/\/www.sjanocpi.fr\/burkina\/wp-content\/uploads\/2012\/12\/IMG_0731.jpg\"><img aria-describedby=\"caption-attachment-118\" decoding=\"async\" loading=\"lazy\" class=\"size-large wp-image-118\" title=\"Des enfants nous saluent \u00e0 la vue de l'appareil photo\" src=\"https:\/\/www.sjanocpi.fr\/burkina\/wp-content\/uploads\/2012\/12\/IMG_0731-1024x768.jpg\" alt=\"Des enfants nous saluent \u00e0 la vue de l'appareil photo\" width=\"584\" height=\"438\" srcset=\"https:\/\/www.sjanocpi.fr\/burkina\/wp-content\/uploads\/2012\/12\/IMG_0731-1024x768.jpg 1024w, https:\/\/www.sjanocpi.fr\/burkina\/wp-content\/uploads\/2012\/12\/IMG_0731-300x225.jpg 300w, https:\/\/www.sjanocpi.fr\/burkina\/wp-content\/uploads\/2012\/12\/IMG_0731-400x300.jpg 400w, https:\/\/www.sjanocpi.fr\/burkina\/wp-content\/uploads\/2012\/12\/IMG_0731.jpg 1632w\" sizes=\"(max-width: 584px) 100vw, 584px\" \/><\/a><p id=\"caption-attachment-118\" class=\"wp-caption-text\">Des enfants qui semblent ravis de nous voir passer nous saluent \u00e0 la vue de l&rsquo;appareil photo<\/p><\/div>\n<div id=\"attachment_119\" style=\"width: 594px\" class=\"wp-caption alignnone\"><a href=\"https:\/\/www.sjanocpi.fr\/burkina\/wp-content\/uploads\/2012\/12\/IMG_0739.jpg\"><img aria-describedby=\"caption-attachment-119\" decoding=\"async\" loading=\"lazy\" class=\"size-large wp-image-119\" title=\"le gu\u00e9\" src=\"https:\/\/www.sjanocpi.fr\/burkina\/wp-content\/uploads\/2012\/12\/IMG_0739-1024x768.jpg\" alt=\"le gu\u00e9\" width=\"584\" height=\"438\" srcset=\"https:\/\/www.sjanocpi.fr\/burkina\/wp-content\/uploads\/2012\/12\/IMG_0739-1024x768.jpg 1024w, https:\/\/www.sjanocpi.fr\/burkina\/wp-content\/uploads\/2012\/12\/IMG_0739-300x225.jpg 300w, https:\/\/www.sjanocpi.fr\/burkina\/wp-content\/uploads\/2012\/12\/IMG_0739-400x300.jpg 400w, https:\/\/www.sjanocpi.fr\/burkina\/wp-content\/uploads\/2012\/12\/IMG_0739.jpg 1632w\" sizes=\"(max-width: 584px) 100vw, 584px\" \/><\/a><p id=\"caption-attachment-119\" class=\"wp-caption-text\">le gu\u00e9<\/p><\/div>\n<p>\u00e7a se corse, depuis quelques kilom\u00e8tres c&rsquo;est un chemin que nous parcourrons et voil\u00e0 un gu\u00e9 tout \u00e0 fait inattendu, nous devons passer \u00e0 pied tandis que les \u00ab\u00a0chauffeurs\u00a0\u00bb passent le gu\u00e9 avec les motos<\/p>\n<p>&nbsp;<\/p>\n<div id=\"attachment_121\" style=\"width: 594px\" class=\"wp-caption alignnone\"><a href=\"https:\/\/www.sjanocpi.fr\/burkina\/wp-content\/uploads\/2012\/12\/IMG_0745.jpg\"><img aria-describedby=\"caption-attachment-121\" decoding=\"async\" loading=\"lazy\" class=\"size-large wp-image-121\" title=\"Et voil\u00e0 le chemin sur lequel nous roulons\" src=\"https:\/\/www.sjanocpi.fr\/burkina\/wp-content\/uploads\/2012\/12\/IMG_0745-1024x768.jpg\" alt=\"Et voil\u00e0 le chemin sur lequel nous roulons\" width=\"584\" height=\"438\" srcset=\"https:\/\/www.sjanocpi.fr\/burkina\/wp-content\/uploads\/2012\/12\/IMG_0745-1024x768.jpg 1024w, https:\/\/www.sjanocpi.fr\/burkina\/wp-content\/uploads\/2012\/12\/IMG_0745-300x225.jpg 300w, https:\/\/www.sjanocpi.fr\/burkina\/wp-content\/uploads\/2012\/12\/IMG_0745-400x300.jpg 400w, https:\/\/www.sjanocpi.fr\/burkina\/wp-content\/uploads\/2012\/12\/IMG_0745.jpg 1632w\" sizes=\"(max-width: 584px) 100vw, 584px\" \/><\/a><p id=\"caption-attachment-121\" class=\"wp-caption-text\">Et voil\u00e0 le chemin sur lequel nous roulons<\/p><\/div>\n<p>50km dans ces conditions c&rsquo;est un peu rude pour mes fesses peu rembourr\u00e9es<\/p>\n<div id=\"attachment_122\" style=\"width: 594px\" class=\"wp-caption alignnone\"><a href=\"https:\/\/www.sjanocpi.fr\/burkina\/wp-content\/uploads\/2012\/12\/IMG_0754.jpg\"><img aria-describedby=\"caption-attachment-122\" decoding=\"async\" loading=\"lazy\" class=\"size-large wp-image-122\" title=\"La cour o\u00f9 nous allons.\" src=\"https:\/\/www.sjanocpi.fr\/burkina\/wp-content\/uploads\/2012\/12\/IMG_0754-1024x768.jpg\" alt=\"La cour o\u00f9 nous allons.\" width=\"584\" height=\"438\" srcset=\"https:\/\/www.sjanocpi.fr\/burkina\/wp-content\/uploads\/2012\/12\/IMG_0754-1024x768.jpg 1024w, https:\/\/www.sjanocpi.fr\/burkina\/wp-content\/uploads\/2012\/12\/IMG_0754-300x225.jpg 300w, https:\/\/www.sjanocpi.fr\/burkina\/wp-content\/uploads\/2012\/12\/IMG_0754-400x300.jpg 400w, https:\/\/www.sjanocpi.fr\/burkina\/wp-content\/uploads\/2012\/12\/IMG_0754.jpg 1632w\" sizes=\"(max-width: 584px) 100vw, 584px\" \/><\/a><p id=\"caption-attachment-122\" class=\"wp-caption-text\">La cour o\u00f9 nous allons.<\/p><\/div>\n<p>Les villages sont tr\u00e8s \u00e9tendus et chaque cour est \u00e0 environ 500\/600m\u00e8tres de sa voisine. Ici pas d&rsquo;\u00e9lectricit\u00e9, pas d&rsquo;eau courante. Plus tard nous allons croiser une vieille femme qui va demander si les blancs sont revenus pour prendre les gens comme autrefois. En fait ils me disent que je suis le premier blanc \u00e0 venir depuis ici, je le traduis comme depuis tr\u00e8s tr\u00e8s longtemps. C&rsquo;est vrai qu&rsquo;il n&rsquo;y a rien ici qui puisse int\u00e9resser les touristes.<\/p>\n<div id=\"attachment_124\" style=\"width: 594px\" class=\"wp-caption alignnone\"><a href=\"https:\/\/www.sjanocpi.fr\/burkina\/wp-content\/uploads\/2012\/12\/IMG_0755.jpg\"><img aria-describedby=\"caption-attachment-124\" decoding=\"async\" loading=\"lazy\" class=\"size-large wp-image-124\" title=\"Ino se repose dans le coton cultiv\u00e9 ici.\" src=\"https:\/\/www.sjanocpi.fr\/burkina\/wp-content\/uploads\/2012\/12\/IMG_0755-1024x768.jpg\" alt=\"Ino se repose dans le coton cultiv\u00e9 ici.\" width=\"584\" height=\"438\" srcset=\"https:\/\/www.sjanocpi.fr\/burkina\/wp-content\/uploads\/2012\/12\/IMG_0755-1024x768.jpg 1024w, https:\/\/www.sjanocpi.fr\/burkina\/wp-content\/uploads\/2012\/12\/IMG_0755-300x225.jpg 300w, https:\/\/www.sjanocpi.fr\/burkina\/wp-content\/uploads\/2012\/12\/IMG_0755-400x300.jpg 400w, https:\/\/www.sjanocpi.fr\/burkina\/wp-content\/uploads\/2012\/12\/IMG_0755.jpg 1632w\" sizes=\"(max-width: 584px) 100vw, 584px\" \/><\/a><p id=\"caption-attachment-124\" class=\"wp-caption-text\">Ino se repose dans le coton cultiv\u00e9 ici.<\/p><\/div>\n<div id=\"attachment_125\" style=\"width: 594px\" class=\"wp-caption alignnone\"><a href=\"https:\/\/www.sjanocpi.fr\/burkina\/wp-content\/uploads\/2012\/12\/IMG_0760.jpg\"><img aria-describedby=\"caption-attachment-125\" decoding=\"async\" loading=\"lazy\" class=\"size-large wp-image-125\" title=\"Ils cultivent aussi le mil\" src=\"https:\/\/www.sjanocpi.fr\/burkina\/wp-content\/uploads\/2012\/12\/IMG_0760-1024x768.jpg\" alt=\"Ils cultivent aussi le mil\" width=\"584\" height=\"438\" srcset=\"https:\/\/www.sjanocpi.fr\/burkina\/wp-content\/uploads\/2012\/12\/IMG_0760-1024x768.jpg 1024w, https:\/\/www.sjanocpi.fr\/burkina\/wp-content\/uploads\/2012\/12\/IMG_0760-300x225.jpg 300w, https:\/\/www.sjanocpi.fr\/burkina\/wp-content\/uploads\/2012\/12\/IMG_0760-400x300.jpg 400w, https:\/\/www.sjanocpi.fr\/burkina\/wp-content\/uploads\/2012\/12\/IMG_0760.jpg 1632w\" sizes=\"(max-width: 584px) 100vw, 584px\" \/><\/a><p id=\"caption-attachment-125\" class=\"wp-caption-text\">Ils cultivent aussi le mil<\/p><\/div>\n<p>Ils cultivent aussi le mil, et viennent de finir la r\u00e9colte, ils s\u00e9parent les grains en utilisant le vent et la dynamique du lancer pendant que d&rsquo;autres balaient les tiges et herbes.<\/p>\n<div id=\"attachment_126\" style=\"width: 594px\" class=\"wp-caption alignnone\"><a href=\"https:\/\/www.sjanocpi.fr\/burkina\/wp-content\/uploads\/2012\/12\/IMG_0765.jpg\"><img aria-describedby=\"caption-attachment-126\" decoding=\"async\" loading=\"lazy\" class=\"size-large wp-image-126\" title=\"L'eau de mil\" src=\"https:\/\/www.sjanocpi.fr\/burkina\/wp-content\/uploads\/2012\/12\/IMG_0765-1024x768.jpg\" alt=\"L'eau de mil\" width=\"584\" height=\"438\" srcset=\"https:\/\/www.sjanocpi.fr\/burkina\/wp-content\/uploads\/2012\/12\/IMG_0765-1024x768.jpg 1024w, https:\/\/www.sjanocpi.fr\/burkina\/wp-content\/uploads\/2012\/12\/IMG_0765-300x225.jpg 300w, https:\/\/www.sjanocpi.fr\/burkina\/wp-content\/uploads\/2012\/12\/IMG_0765-400x300.jpg 400w, https:\/\/www.sjanocpi.fr\/burkina\/wp-content\/uploads\/2012\/12\/IMG_0765.jpg 1632w\" sizes=\"(max-width: 584px) 100vw, 584px\" \/><\/a><p id=\"caption-attachment-126\" class=\"wp-caption-text\">L&rsquo;eau de mil<\/p><\/div>\n<p>Par la suite nous retournons \u00e0 la cour o\u00f9 nous avons droit au repas d&rsquo;accueil traditionnel, l&rsquo;eau de mil. C&rsquo;est du mil dans de l&rsquo;eau filtr\u00e9e un tant soit peu, c&rsquo;est assez bon, l\u00e9g\u00e8rement sucr\u00e9, le go\u00fbt \u00e9tant un peu celui du son<\/p>\n<p>&nbsp;<\/p>\n<div id=\"attachment_128\" style=\"width: 594px\" class=\"wp-caption alignnone\"><a href=\"https:\/\/www.sjanocpi.fr\/burkina\/wp-content\/uploads\/2012\/12\/IMG_0770.jpg\"><img aria-describedby=\"caption-attachment-128\" decoding=\"async\" loading=\"lazy\" class=\"size-large wp-image-128\" title=\"d\u00e9monstration du moulin \u00e0 mil\" src=\"https:\/\/www.sjanocpi.fr\/burkina\/wp-content\/uploads\/2012\/12\/IMG_0770-1024x768.jpg\" alt=\"d\u00e9monstration du moulin \u00e0 mil\" width=\"584\" height=\"438\" srcset=\"https:\/\/www.sjanocpi.fr\/burkina\/wp-content\/uploads\/2012\/12\/IMG_0770-1024x768.jpg 1024w, https:\/\/www.sjanocpi.fr\/burkina\/wp-content\/uploads\/2012\/12\/IMG_0770-300x225.jpg 300w, https:\/\/www.sjanocpi.fr\/burkina\/wp-content\/uploads\/2012\/12\/IMG_0770-400x300.jpg 400w, https:\/\/www.sjanocpi.fr\/burkina\/wp-content\/uploads\/2012\/12\/IMG_0770.jpg 1632w\" sizes=\"(max-width: 584px) 100vw, 584px\" \/><\/a><p id=\"caption-attachment-128\" class=\"wp-caption-text\">d\u00e9monstration du moulin \u00e0 mil<\/p><\/div>\n<p>J&rsquo;ai droit \u00e0 une d\u00e9monstration du moulin \u00e0 mil, \u00e9l\u00e9mentaire mais efficace, en fait il y a 3 pierres comme celle-ci en rond pour meuler le mil.<\/p>\n<div id=\"attachment_129\" style=\"width: 594px\" class=\"wp-caption alignnone\"><a href=\"https:\/\/www.sjanocpi.fr\/burkina\/wp-content\/uploads\/2012\/12\/IMG_0771.jpg\"><img aria-describedby=\"caption-attachment-129\" decoding=\"async\" loading=\"lazy\" class=\"size-large wp-image-129\" title=\"La termiti\u00e8re sur le bord de la route\" src=\"https:\/\/www.sjanocpi.fr\/burkina\/wp-content\/uploads\/2012\/12\/IMG_0771-1024x768.jpg\" alt=\"La termiti\u00e8re sur le bord de la route\" width=\"584\" height=\"438\" srcset=\"https:\/\/www.sjanocpi.fr\/burkina\/wp-content\/uploads\/2012\/12\/IMG_0771-1024x768.jpg 1024w, https:\/\/www.sjanocpi.fr\/burkina\/wp-content\/uploads\/2012\/12\/IMG_0771-300x225.jpg 300w, https:\/\/www.sjanocpi.fr\/burkina\/wp-content\/uploads\/2012\/12\/IMG_0771-400x300.jpg 400w, https:\/\/www.sjanocpi.fr\/burkina\/wp-content\/uploads\/2012\/12\/IMG_0771.jpg 1632w\" sizes=\"(max-width: 584px) 100vw, 584px\" \/><\/a><p id=\"caption-attachment-129\" class=\"wp-caption-text\">La termiti\u00e8re sur le bord de la route<\/p><\/div>\n<p>Le soir m\u00eame nous retournons \u00e0 Ouaga par la m\u00eame route.<\/p>\n","protected":false},"excerpt":{"rendered":"<p>Aujourd&rsquo;hui nous allons \u00e0 Tayalo,le village du papa de Ino. C&rsquo;est \u00e0 environ 75km de Ouaga, le 20 premiers KM se font sur la grande route, il est 6:30 en ce matin du 24 d\u00e9cembre, et la route est encore &hellip; <a href=\"https:\/\/www.sjanocpi.fr\/burkina\/?page_id=110\">Continuer la lecture <span class=\"meta-nav\">&rarr;<\/span><\/a><\/p>\n","protected":false},"author":1,"featured_media":0,"parent":0,"menu_order":0,"comment_status":"closed","ping_status":"closed","template":"","meta":{"footnotes":""},"_links":{"self":[{"href":"https:\/\/www.sjanocpi.fr\/burkina\/index.php?rest_route=\/wp\/v2\/pages\/110"}],"collection":[{"href":"https:\/\/www.sjanocpi.fr\/burkina\/index.php?rest_route=\/wp\/v2\/pages"}],"about":[{"href":"https:\/\/www.sjanocpi.fr\/burkina\/index.php?rest_route=\/wp\/v2\/types\/page"}],"author":[{"embeddable":true,"href":"https:\/\/www.sjanocpi.fr\/burkina\/index.php?rest_route=\/wp\/v2\/users\/1"}],"replies":[{"embeddable":true,"href":"https:\/\/www.sjanocpi.fr\/burkina\/index.php?rest_route=%2Fwp%2Fv2%2Fcomments&post=110"}],"version-history":[{"count":8,"href":"https:\/\/www.sjanocpi.fr\/burkina\/index.php?rest_route=\/wp\/v2\/pages\/110\/revisions"}],"predecessor-version":[{"id":135,"href":"https:\/\/www.sjanocpi.fr\/burkina\/index.php?rest_route=\/wp\/v2\/pages\/110\/revisions\/135"}],"wp:attachment":[{"href":"https:\/\/www.sjanocpi.fr\/burkina\/index.php?rest_route=%2Fwp%2Fv2%2Fmedia&parent=110"}],"curies":[{"name":"wp","href":"https:\/\/api.w.org\/{rel}","templated":true}]}}